{"id":13389,"date":"2025-07-11T20:20:06","date_gmt":"2025-07-12T00:20:06","guid":{"rendered":"https:\/\/dentistesfabreville.com\/?page_id=13389"},"modified":"2025-07-11T20:20:06","modified_gmt":"2025-07-12T00:20:06","slug":"dental-crowns","status":"publish","type":"page","link":"https:\/\/dentistesfabreville.com\/fr\/dental-crowns\/","title":{"rendered":"Couronnes dentaires"},"content":{"rendered":"<div class=\"wpb-content-wrapper\"><div id=\"vc_row-69ff13af98c1b\" class=\"vc_row wpb_row vc_row-fluid thegem-custom-69ff13af98c005390\"><div class=\"wpb_column vc_column_container vc_col-sm-12 thegem-custom-69ff13af98ea42025\" ><div class=\"vc_column-inner thegem-custom-inner-69ff13af98ea7\"><div class=\"wpb_wrapper thegem-custom-69ff13af98ea42025\">\r\n\t\r\n\t\t<div class=\"wpb_text_column wpb_content_element  vc_custom_1752279519477 thegem-vc-text thegem-custom-69ff13af992372856\"  >\r\n\t\t\t<div class=\"wpb_wrapper\">\r\n\t\t\t\t<div class=\"title-h4\"><strong>Couronnes dentaires<\/strong><\/div>\n\r\n\t\t\t<\/div>\r\n\t\t\t<style>@media screen and (max-width: 1023px) {.thegem-vc-text.thegem-custom-69ff13af992372856{display: block!important;}}@media screen and (max-width: 767px) {.thegem-vc-text.thegem-custom-69ff13af992372856{display: block!important;}}@media screen and (max-width: 1023px) {.thegem-vc-text.thegem-custom-69ff13af992372856{position: relative !important;}}@media screen and (max-width: 767px) {.thegem-vc-text.thegem-custom-69ff13af992372856{position: relative !important;}}<\/style>\r\n\t\t<\/div>\r\n\t\r\n\r\n\t\r\n\t\t<div class=\"wpb_text_column wpb_content_element  vc_custom_1752279531918 thegem-vc-text thegem-custom-69ff13af9938c4308\"  >\r\n\t\t\t<div class=\"wpb_wrapper\">\r\n\t\t\t\t<div class=\"styled-subtitle\">Prot\u00e9gez et restaurez les dents endommag\u00e9es avec pr\u00e9cision et soin<\/div>\n\r\n\t\t\t<\/div>\r\n\t\t\t<style>@media screen and (max-width: 1023px) {.thegem-vc-text.thegem-custom-69ff13af9938c4308{display: block!important;}}@media screen and (max-width: 767px) {.thegem-vc-text.thegem-custom-69ff13af9938c4308{display: block!important;}}@media screen and (max-width: 1023px) {.thegem-vc-text.thegem-custom-69ff13af9938c4308{position: relative !important;}}@media screen and (max-width: 767px) {.thegem-vc-text.thegem-custom-69ff13af9938c4308{position: relative !important;}}<\/style>\r\n\t\t<\/div>\r\n\t\r\n\r\n\t\r\n\t\t<div class=\"wpb_text_column wpb_content_element  vc_custom_1752279539133 thegem-vc-text thegem-custom-69ff13af994a51539\"  >\r\n\t\t\t<div class=\"wpb_wrapper\">\r\n\t\t\t\t<p data-start=\"243\" data-end=\"443\">Lorsqu'une dent est affaiblie, cass\u00e9e ou fortement us\u00e9e, une couronne dentaire peut lui redonner sa solidit\u00e9, sa forme et son apparence. Chez Dentistes Fabreville, nous proposons des couronnes sur mesure con\u00e7ues pour s'harmoniser naturellement avec votre sourire et durer des ann\u00e9es avec des soins appropri\u00e9s.<\/p>\n\r\n\t\t\t<\/div>\r\n\t\t\t<style>@media screen and (max-width: 1023px) {.thegem-vc-text.thegem-custom-69ff13af994a51539{display: block!important;}}@media screen and (max-width: 767px) {.thegem-vc-text.thegem-custom-69ff13af994a51539{display: block!important;}}@media screen and (max-width: 1023px) {.thegem-vc-text.thegem-custom-69ff13af994a51539{position: relative !important;}}@media screen and (max-width: 767px) {.thegem-vc-text.thegem-custom-69ff13af994a51539{position: relative !important;}}<\/style>\r\n\t\t<\/div>\r\n\t\r\n<\/div><\/div><\/div><\/div><div id=\"vc_row-69ff13af99737\" class=\"vc_row wpb_row vc_row-fluid thegem-custom-69ff13af9972b6961\"><div class=\"wpb_column vc_column_container vc_col-sm-12 thegem-custom-69ff13af998f21594\" ><div class=\"vc_column-inner thegem-custom-inner-69ff13af998f4\"><div class=\"wpb_wrapper thegem-custom-69ff13af998f21594\">\r\n\t\r\n\t\t<div class=\"wpb_text_column wpb_content_element  vc_custom_1752279553188 thegem-vc-text thegem-custom-69ff13af99a601716\"  >\r\n\t\t\t<div class=\"wpb_wrapper\">\r\n\t\t\t\t<div class=\"title-h5\">Qu'est-ce qu'une couronne dentaire ?<\/div>\n\r\n\t\t\t<\/div>\r\n\t\t\t<style>@media screen and (max-width: 1023px) {.thegem-vc-text.thegem-custom-69ff13af99a601716{display: block!important;}}@media screen and (max-width: 767px) {.thegem-vc-text.thegem-custom-69ff13af99a601716{display: block!important;}}@media screen and (max-width: 1023px) {.thegem-vc-text.thegem-custom-69ff13af99a601716{position: relative !important;}}@media screen and (max-width: 767px) {.thegem-vc-text.thegem-custom-69ff13af99a601716{position: relative !important;}}<\/style>\r\n\t\t<\/div>\r\n\t\r\n\r\n\t\r\n\t\t<div class=\"wpb_text_column wpb_content_element  vc_custom_1752279548923 thegem-vc-text thegem-custom-69ff13af99b751215\"  >\r\n\t\t\t<div class=\"wpb_wrapper\">\r\n\t\t\t\t<p data-start=\"521\" data-end=\"712\">Une couronne dentaire est un capuchon en forme de dent qui est plac\u00e9 sur une dent endommag\u00e9e ou ab\u00eem\u00e9e. Elle recouvre enti\u00e8rement la partie visible de la dent, contribuant ainsi \u00e0 restaurer \u00e0 la fois sa fonction et son apparence.<\/p>\n<p data-start=\"714\" data-end=\"742\">Les couronnes sont couramment utilis\u00e9es pour :<\/p>\n<ul data-start=\"743\" data-end=\"1019\">\n<li data-start=\"743\" data-end=\"778\">\n<p data-start=\"745\" data-end=\"778\">Prot\u00e9gez une dent fragile ou fissur\u00e9e<\/p>\n<\/li>\n<li data-start=\"779\" data-end=\"818\">\n<p data-start=\"781\" data-end=\"818\">Restaurer une dent cass\u00e9e ou us\u00e9e<\/p>\n<\/li>\n<li data-start=\"819\" data-end=\"857\">\n<p data-start=\"821\" data-end=\"857\">Recouvrir une dent d'un gros plombage<\/p>\n<\/li>\n<li data-start=\"858\" data-end=\"907\">\n<p data-start=\"860\" data-end=\"907\">Renforcer une dent apr\u00e8s un traitement canalaire<\/p>\n<\/li>\n<li data-start=\"908\" data-end=\"967\">\n<p data-start=\"910\" data-end=\"967\">Am\u00e9liorer l'apparence des dents d\u00e9color\u00e9es ou d\u00e9form\u00e9es<\/p>\n<\/li>\n<li data-start=\"968\" data-end=\"1019\">\n<p data-start=\"970\" data-end=\"1019\">Soutenir un bridge dentaire ou recouvrir un implant dentaire<\/p>\n<\/li>\n<\/ul>\n\r\n\t\t\t<\/div>\r\n\t\t\t<style>@media screen and (max-width: 1023px) {.thegem-vc-text.thegem-custom-69ff13af99b751215{display: block!important;}}@media screen and (max-width: 767px) {.thegem-vc-text.thegem-custom-69ff13af99b751215{display: block!important;}}@media screen and (max-width: 1023px) {.thegem-vc-text.thegem-custom-69ff13af99b751215{position: relative !important;}}@media screen and (max-width: 767px) {.thegem-vc-text.thegem-custom-69ff13af99b751215{position: relative !important;}}<\/style>\r\n\t\t<\/div>\r\n\t\r\n<\/div><\/div><\/div><\/div><div id=\"vc_row-69ff13af99eb0\" class=\"vc_row wpb_row vc_row-fluid thegem-custom-69ff13af99ea51824\"><div class=\"wpb_column vc_column_container vc_col-sm-12 thegem-custom-69ff13af9a05a3769\" ><div class=\"vc_column-inner thegem-custom-inner-69ff13af9a05c\"><div class=\"wpb_wrapper thegem-custom-69ff13af9a05a3769\">\r\n\t\r\n\t\t<div class=\"wpb_text_column wpb_content_element  vc_custom_1752279558401 thegem-vc-text thegem-custom-69ff13af9a1be4964\"  >\r\n\t\t\t<div class=\"wpb_wrapper\">\r\n\t\t\t\t<div class=\"title-h5\">Types de couronnes<\/div>\n\r\n\t\t\t<\/div>\r\n\t\t\t<style>@media screen and (max-width: 1023px) {.thegem-vc-text.thegem-custom-69ff13af9a1be4964{display: block!important;}}@media screen and (max-width: 767px) {.thegem-vc-text.thegem-custom-69ff13af9a1be4964{display: block!important;}}@media screen and (max-width: 1023px) {.thegem-vc-text.thegem-custom-69ff13af9a1be4964{position: relative !important;}}@media screen and (max-width: 767px) {.thegem-vc-text.thegem-custom-69ff13af9a1be4964{position: relative !important;}}<\/style>\r\n\t\t<\/div>\r\n\t\r\n\r\n\t\r\n\t\t<div class=\"wpb_text_column wpb_content_element  vc_custom_1752279569790 thegem-vc-text thegem-custom-69ff13af9a2cf1602\"  >\r\n\t\t\t<div class=\"wpb_wrapper\">\r\n\t\t\t\t<p data-start=\"1043\" data-end=\"1112\">Nous proposons plusieurs mat\u00e9riaux pour les couronnes en fonction de vos besoins et de vos pr\u00e9f\u00e9rences :<\/p>\n<ul data-start=\"1113\" data-end=\"1397\">\n<li data-start=\"1113\" data-end=\"1206\">\n<p data-start=\"1115\" data-end=\"1206\"><strong data-start=\"1115\" data-end=\"1139\">Porcelaine ou c\u00e9ramique<\/strong>: Pour un aspect naturel, de la couleur des dents \u2014 id\u00e9al pour les dents de devant.<\/p>\n<\/li>\n<li data-start=\"1207\" data-end=\"1258\">\n<p data-start=\"1209\" data-end=\"1258\"><strong data-start=\"1209\" data-end=\"1221\">zircone<\/strong>: Solide, esth\u00e9tique et sans m\u00e9tal<\/p>\n<\/li>\n<li data-start=\"1259\" data-end=\"1333\">\n<p data-start=\"1261\" data-end=\"1333\"><strong data-start=\"1261\" data-end=\"1295\">Porcelaine fusionn\u00e9e au m\u00e9tal (PFM)<\/strong>: Allie r\u00e9sistance et aspect naturel<\/p>\n<\/li>\n<li data-start=\"1334\" data-end=\"1397\">\n<p data-start=\"1336\" data-end=\"1397\"><strong data-start=\"1336\" data-end=\"1350\">Enti\u00e8rement en m\u00e9tal<\/strong>: Extr\u00eamement r\u00e9sistant \u2014 souvent utilis\u00e9 pour les dents post\u00e9rieures.<\/p>\n<\/li>\n<\/ul>\n\r\n\t\t\t<\/div>\r\n\t\t\t<style>@media screen and (max-width: 1023px) {.thegem-vc-text.thegem-custom-69ff13af9a2cf1602{display: block!important;}}@media screen and (max-width: 767px) {.thegem-vc-text.thegem-custom-69ff13af9a2cf1602{display: block!important;}}@media screen and (max-width: 1023px) {.thegem-vc-text.thegem-custom-69ff13af9a2cf1602{position: relative !important;}}@media screen and (max-width: 767px) {.thegem-vc-text.thegem-custom-69ff13af9a2cf1602{position: relative !important;}}<\/style>\r\n\t\t<\/div>\r\n\t\r\n<\/div><\/div><\/div><\/div><div id=\"vc_row-69ff13af9a5bd\" class=\"vc_row wpb_row vc_row-fluid thegem-custom-69ff13af9a5b27071\"><div class=\"wpb_column vc_column_container vc_col-sm-12 thegem-custom-69ff13af9a74f1882\" ><div class=\"vc_column-inner thegem-custom-inner-69ff13af9a751\"><div class=\"wpb_wrapper thegem-custom-69ff13af9a74f1882\">\r\n\t\r\n\t\t<div class=\"wpb_text_column wpb_content_element  vc_custom_1752279575328 thegem-vc-text thegem-custom-69ff13af9a8957626\"  >\r\n\t\t\t<div class=\"wpb_wrapper\">\r\n\t\t\t\t<div class=\"title-h5\">La proc\u00e9dure de la Couronne<\/div>\n\r\n\t\t\t<\/div>\r\n\t\t\t<style>@media screen and (max-width: 1023px) {.thegem-vc-text.thegem-custom-69ff13af9a8957626{display: block!important;}}@media screen and (max-width: 767px) {.thegem-vc-text.thegem-custom-69ff13af9a8957626{display: block!important;}}@media screen and (max-width: 1023px) {.thegem-vc-text.thegem-custom-69ff13af9a8957626{position: relative !important;}}@media screen and (max-width: 767px) {.thegem-vc-text.thegem-custom-69ff13af9a8957626{position: relative !important;}}<\/style>\r\n\t\t<\/div>\r\n\t\r\n\r\n\t\r\n\t\t<div class=\"wpb_text_column wpb_content_element  vc_custom_1752279581240 thegem-vc-text thegem-custom-69ff13af9a9cc8159\"  >\r\n\t\t\t<div class=\"wpb_wrapper\">\r\n\t\t\t\t<ul>\n<li data-start=\"1425\" data-end=\"1523\">\n<p data-start=\"1428\" data-end=\"1523\"><strong data-start=\"1428\" data-end=\"1442\">\u00c9valuation<\/strong>: Nous examinons votre dent et prenons des radiographies afin de d\u00e9terminer si une couronne est appropri\u00e9e.<\/p>\n<\/li>\n<li data-start=\"1524\" data-end=\"1617\">\n<p data-start=\"1527\" data-end=\"1617\"><strong data-start=\"1527\" data-end=\"1548\">Pr\u00e9paration dentaire<\/strong>: Une petite quantit\u00e9 d'\u00e9mail est remodel\u00e9e afin de faire de la place pour la couronne.<\/p>\n<\/li>\n<li data-start=\"1618\" data-end=\"1707\">\n<p data-start=\"1621\" data-end=\"1707\"><strong data-start=\"1621\" data-end=\"1635\">Impression<\/strong>: Nous prenons un moulage ou un scan num\u00e9rique de la dent afin de garantir un ajustement pr\u00e9cis.<\/p>\n<\/li>\n<li data-start=\"1708\" data-end=\"1806\">\n<p data-start=\"1711\" data-end=\"1806\"><strong data-start=\"1711\" data-end=\"1730\">Couronne provisoire<\/strong>: Une couronne provisoire est pos\u00e9e pendant la fabrication de votre couronne sur mesure.<\/p>\n<\/li>\n<li data-start=\"1807\" data-end=\"1921\">\n<p data-start=\"1810\" data-end=\"1921\"><strong data-start=\"1810\" data-end=\"1829\">Placement final<\/strong>: Une fois pr\u00eate, la couronne est ajust\u00e9e pour s'adapter \u00e0 votre dentition et \u00e0 votre occlusion, puis fix\u00e9e de mani\u00e8re permanente \u00e0 votre dent.<\/p>\n<\/li>\n<\/ul>\n\r\n\t\t\t<\/div>\r\n\t\t\t<style>@media screen and (max-width: 1023px) {.thegem-vc-text.thegem-custom-69ff13af9a9cc8159{display: block!important;}}@media screen and (max-width: 767px) {.thegem-vc-text.thegem-custom-69ff13af9a9cc8159{display: block!important;}}@media screen and (max-width: 1023px) {.thegem-vc-text.thegem-custom-69ff13af9a9cc8159{position: relative !important;}}@media screen and (max-width: 767px) {.thegem-vc-text.thegem-custom-69ff13af9a9cc8159{position: relative !important;}}<\/style>\r\n\t\t<\/div>\r\n\t\r\n<\/div><\/div><\/div><\/div><div id=\"vc_row-69ff13af9ac7f\" class=\"vc_row wpb_row vc_row-fluid thegem-custom-69ff13af9ac755453\"><div class=\"wpb_column vc_column_container vc_col-sm-12 thegem-custom-69ff13af9ae096826\" ><div class=\"vc_column-inner thegem-custom-inner-69ff13af9ae0b\"><div class=\"wpb_wrapper thegem-custom-69ff13af9ae096826\">\r\n\t\r\n\t\t<div class=\"wpb_text_column wpb_content_element  vc_custom_1752279586295 thegem-vc-text thegem-custom-69ff13af9af2a1064\"  >\r\n\t\t\t<div class=\"wpb_wrapper\">\r\n\t\t\t\t<div class=\"title-h5\">Soins de longue dur\u00e9e<\/div>\n\r\n\t\t\t<\/div>\r\n\t\t\t<style>@media screen and (max-width: 1023px) {.thegem-vc-text.thegem-custom-69ff13af9af2a1064{display: block!important;}}@media screen and (max-width: 767px) {.thegem-vc-text.thegem-custom-69ff13af9af2a1064{display: block!important;}}@media screen and (max-width: 1023px) {.thegem-vc-text.thegem-custom-69ff13af9af2a1064{position: relative !important;}}@media screen and (max-width: 767px) {.thegem-vc-text.thegem-custom-69ff13af9af2a1064{position: relative !important;}}<\/style>\r\n\t\t<\/div>\r\n\t\r\n\r\n\t\r\n\t\t<div class=\"wpb_text_column wpb_content_element  vc_custom_1752279591845 thegem-vc-text thegem-custom-69ff13af9b039610\"  >\r\n\t\t\t<div class=\"wpb_wrapper\">\r\n\t\t\t\t<p>Avec une bonne hygi\u00e8ne bucco-dentaire et des visites r\u00e9guli\u00e8res chez le dentiste, les couronnes peuvent durer de nombreuses ann\u00e9es. \u00c9viter les aliments durs et le grincement des dents peut \u00e9galement contribuer \u00e0 pr\u00e9server leur \u00e9tat.<\/p>\n\r\n\t\t\t<\/div>\r\n\t\t\t<style>@media screen and (max-width: 1023px) {.thegem-vc-text.thegem-custom-69ff13af9b039610{display: block!important;}}@media screen and (max-width: 767px) {.thegem-vc-text.thegem-custom-69ff13af9b039610{display: block!important;}}@media screen and (max-width: 1023px) {.thegem-vc-text.thegem-custom-69ff13af9b039610{position: relative !important;}}@media screen and (max-width: 767px) {.thegem-vc-text.thegem-custom-69ff13af9b039610{position: relative !important;}}<\/style>\r\n\t\t<\/div>\r\n\t\r\n<\/div><\/div><\/div><\/div><div id=\"vc_row-69ff13af9b268\" class=\"vc_row wpb_row vc_row-fluid vc_custom_1752272962360 thegem-custom-69ff13af9b2538019\">\n<style>\n@media(max-width: 1499px) and (min-width: 1200px){\n    #vc_row-69ff13af9b268 .phone-column .vc_column-inner{\n        padding-left: 45px!important;\n}}\n@media(max-width: 1199px) and (min-width: 1024px){\n    #vc_row-69ff13af9b268 .phone-column .vc_column-inner{\n        padding-left: 21px!important;\n}}\n@media(max-width: 1199px) {  \n    #vc_row-69ff13af9b268 .phone-column .thegem-heading{\n        text-align: center!important;\n}}\n\n<\/style>\n<style>@media screen and (max-width: 767px) {.thegem-custom-69ff13af9b2538019.wpb_row {padding-top: 30px !important;}}@media screen and (max-width: 767px) {.thegem-custom-69ff13af9b2538019.wpb_row {padding-bottom: 30px !important;}}@media screen and (max-width: 767px) {.thegem-custom-69ff13af9b2538019.wpb_row {padding-left: 30px !important;}}@media screen and (max-width: 767px) {.thegem-custom-69ff13af9b2538019.wpb_row {padding-right: 30px !important;}}<\/style><div class=\"wpb_column vc_column_container vc_col-sm-12 thegem-custom-69ff13af9b4778529 vc_col-has-fill\" ><div class=\"vc_column-inner thegem-custom-inner-69ff13af9b479 vc_custom_1752273445200\"><style>@media screen and (max-width: 1023px) {.thegem-custom-inner-69ff13af9b479.vc_column-inner {padding-top: 70px !important;}}@media screen and (max-width: 1023px) {.thegem-custom-inner-69ff13af9b479.vc_column-inner {padding-bottom: 70px !important;}}@media screen and (max-width: 767px) {.thegem-custom-inner-69ff13af9b479.vc_column-inner {padding-left: 30px !important;}}@media screen and (max-width: 767px) {.thegem-custom-inner-69ff13af9b479.vc_column-inner {padding-right: 30px !important;}}\n<\/style><div class=\"wpb_wrapper thegem-custom-69ff13af9b4778529\"><div class=\"vc_row wpb_row vc_inner vc_row-fluid vc_custom_1711017329808 thegem-custom-69ff13af9b7435472 vc_row-o-equal-height vc_row-o-content-middle vc_row-flex custom-inner-column-69ff13af9b752\" ><div class=\"wpb_column vc_column_container vc_col-sm-12 vc_col-lg-12 vc_col-md-12 vc_col-xs-12 thegem-custom-69ff13af9b9527261\"><div class=\"vc_column-inner thegem-custom-inner-69ff13af9b955\"><div class=\"wpb_wrapper thegem-custom-69ff13af9b9527261\">\r\n\t\r\n\t\t<div class=\"wpb_text_column wpb_content_element  vc_custom_1752279602834 thegem-vc-text thegem-custom-69ff13af9ba8d8776\"  >\r\n\t\t\t<div class=\"wpb_wrapper\">\r\n\t\t\t\t<div class=\"styled-subtitle\" style=\"text-align: center;\" data-start=\"2257\" data-end=\"2368\"><span style=\"color: #ffffff;\"><strong>Vous avez besoin de r\u00e9parer ou de prot\u00e9ger une dent endommag\u00e9e ? Prenez rendez-vous chez Dentistes Fabreville pour savoir si une couronne dentaire est la solution qui vous convient.<\/strong><\/span><\/div>\n\r\n\t\t\t<\/div>\r\n\t\t\t<style>@media screen and (max-width: 1023px) {.thegem-vc-text.thegem-custom-69ff13af9ba8d8776{display: block!important;}}@media screen and (max-width: 767px) {.thegem-vc-text.thegem-custom-69ff13af9ba8d8776{display: block!important;}}@media screen and (max-width: 1023px) {.thegem-vc-text.thegem-custom-69ff13af9ba8d8776{position: relative !important;}}@media screen and (max-width: 767px) {.thegem-vc-text.thegem-custom-69ff13af9ba8d8776{position: relative !important;}}<\/style>\r\n\t\t<\/div>\r\n\t\r\n<\/div><\/div><\/div><\/div><style type=\"text\/css\">.thegem-button-69ff13af9bc681929 .gem-button svg {fill: #1E73BE;}<\/style><div class=\"gem-button-container gem-button-position-center thegem-button-69ff13af9bc681929\"  ><a class=\"gem-button gem-button-size-small gem-button-style-flat gem-button-text-weight-normal\" data-ll-effect=\"drop-right-without-wrap\" style=\"border-radius: 5px;background-color: #FFFFFF;color: #1E73BE;\" onmouseleave=\"this.style.backgroundColor='#FFFFFF';this.style.color='#1E73BE';\" onmouseenter=\"\" href=\"tel:4506227474\" target=\"_self\">Prendre rendez-vous<\/a><\/div> <\/div><\/div><\/div><\/div>\n<\/div>","protected":false},"excerpt":{"rendered":"","protected":false},"author":1,"featured_media":1035,"parent":0,"menu_order":10,"comment_status":"closed","ping_status":"closed","template":"","meta":{"footnotes":""},"class_list":["post-13389","page","type-page","status-publish","has-post-thumbnail"],"_links":{"self":[{"href":"https:\/\/dentistesfabreville.com\/fr\/wp-json\/wp\/v2\/pages\/13389","targetHints":{"allow":["GET"]}}],"collection":[{"href":"https:\/\/dentistesfabreville.com\/fr\/wp-json\/wp\/v2\/pages"}],"about":[{"href":"https:\/\/dentistesfabreville.com\/fr\/wp-json\/wp\/v2\/types\/page"}],"author":[{"embeddable":true,"href":"https:\/\/dentistesfabreville.com\/fr\/wp-json\/wp\/v2\/users\/1"}],"replies":[{"embeddable":true,"href":"https:\/\/dentistesfabreville.com\/fr\/wp-json\/wp\/v2\/comments?post=13389"}],"version-history":[{"count":2,"href":"https:\/\/dentistesfabreville.com\/fr\/wp-json\/wp\/v2\/pages\/13389\/revisions"}],"predecessor-version":[{"id":13391,"href":"https:\/\/dentistesfabreville.com\/fr\/wp-json\/wp\/v2\/pages\/13389\/revisions\/13391"}],"wp:featuredmedia":[{"embeddable":true,"href":"https:\/\/dentistesfabreville.com\/fr\/wp-json\/wp\/v2\/media\/1035"}],"wp:attachment":[{"href":"https:\/\/dentistesfabreville.com\/fr\/wp-json\/wp\/v2\/media?parent=13389"}],"curies":[{"name":"wp","href":"https:\/\/api.w.org\/{rel}","templated":true}]}}