{"id":13386,"date":"2025-07-11T20:17:53","date_gmt":"2025-07-12T00:17:53","guid":{"rendered":"https:\/\/dentistesfabreville.com\/?page_id=13386"},"modified":"2025-07-11T20:17:53","modified_gmt":"2025-07-12T00:17:53","slug":"porcelain-veneers","status":"publish","type":"page","link":"https:\/\/dentistesfabreville.com\/fr\/porcelain-veneers\/","title":{"rendered":"Facettes en porcelaine"},"content":{"rendered":"<div class=\"wpb-content-wrapper\"><div id=\"vc_row-69ff13b6b4625\" class=\"vc_row wpb_row vc_row-fluid thegem-custom-69ff13b6b45fe513\"><div class=\"wpb_column vc_column_container vc_col-sm-12 thegem-custom-69ff13b6b48e97008\" ><div class=\"vc_column-inner thegem-custom-inner-69ff13b6b48ed\"><div class=\"wpb_wrapper thegem-custom-69ff13b6b48e97008\">\r\n\t\r\n\t\t<div class=\"wpb_text_column wpb_content_element  vc_custom_1752279368589 thegem-vc-text thegem-custom-69ff13b6b4cfd4135\"  >\r\n\t\t\t<div class=\"wpb_wrapper\">\r\n\t\t\t\t<div class=\"title-h4\"><strong>Facettes en porcelaine<\/strong><\/div>\n\r\n\t\t\t<\/div>\r\n\t\t\t<style>@media screen and (max-width: 1023px) {.thegem-vc-text.thegem-custom-69ff13b6b4cfd4135{display: block!important;}}@media screen and (max-width: 767px) {.thegem-vc-text.thegem-custom-69ff13b6b4cfd4135{display: block!important;}}@media screen and (max-width: 1023px) {.thegem-vc-text.thegem-custom-69ff13b6b4cfd4135{position: relative !important;}}@media screen and (max-width: 767px) {.thegem-vc-text.thegem-custom-69ff13b6b4cfd4135{position: relative !important;}}<\/style>\r\n\t\t<\/div>\r\n\t\r\n\r\n\t\r\n\t\t<div class=\"wpb_text_column wpb_content_element  vc_custom_1752279373052 thegem-vc-text thegem-custom-69ff13b6b4ebd5616\"  >\r\n\t\t\t<div class=\"wpb_wrapper\">\r\n\t\t\t\t<div class=\"styled-subtitle\">Transformez votre sourire avec des r\u00e9sultats d'apparence naturelle<\/div>\n\r\n\t\t\t<\/div>\r\n\t\t\t<style>@media screen and (max-width: 1023px) {.thegem-vc-text.thegem-custom-69ff13b6b4ebd5616{display: block!important;}}@media screen and (max-width: 767px) {.thegem-vc-text.thegem-custom-69ff13b6b4ebd5616{display: block!important;}}@media screen and (max-width: 1023px) {.thegem-vc-text.thegem-custom-69ff13b6b4ebd5616{position: relative !important;}}@media screen and (max-width: 767px) {.thegem-vc-text.thegem-custom-69ff13b6b4ebd5616{position: relative !important;}}<\/style>\r\n\t\t<\/div>\r\n\t\r\n\r\n\t\r\n\t\t<div class=\"wpb_text_column wpb_content_element  vc_custom_1752279379669 thegem-vc-text thegem-custom-69ff13b6b4fe99505\"  >\r\n\t\t\t<div class=\"wpb_wrapper\">\r\n\t\t\t\t<p data-start=\"243\" data-end=\"443\">Si vous souhaitez am\u00e9liorer l'apparence de vos dents, les facettes en porcelaine constituent une solution esth\u00e9tique s\u00fbre et durable. Chez Dentistes Fabreville, nous proposons des facettes sur mesure qui embellissent votre sourire tout en pr\u00e9servant l'aspect et le toucher naturels de vos dents.<\/p>\n\r\n\t\t\t<\/div>\r\n\t\t\t<style>@media screen and (max-width: 1023px) {.thegem-vc-text.thegem-custom-69ff13b6b4fe99505{display: block!important;}}@media screen and (max-width: 767px) {.thegem-vc-text.thegem-custom-69ff13b6b4fe99505{display: block!important;}}@media screen and (max-width: 1023px) {.thegem-vc-text.thegem-custom-69ff13b6b4fe99505{position: relative !important;}}@media screen and (max-width: 767px) {.thegem-vc-text.thegem-custom-69ff13b6b4fe99505{position: relative !important;}}<\/style>\r\n\t\t<\/div>\r\n\t\r\n<\/div><\/div><\/div><\/div><div id=\"vc_row-69ff13b6b52e1\" class=\"vc_row wpb_row vc_row-fluid thegem-custom-69ff13b6b52d31290\"><div class=\"wpb_column vc_column_container vc_col-sm-12 thegem-custom-69ff13b6b54b39864\" ><div class=\"vc_column-inner thegem-custom-inner-69ff13b6b54b5\"><div class=\"wpb_wrapper thegem-custom-69ff13b6b54b39864\">\r\n\t\r\n\t\t<div class=\"wpb_text_column wpb_content_element  vc_custom_1752279392123 thegem-vc-text thegem-custom-69ff13b6b56239458\"  >\r\n\t\t\t<div class=\"wpb_wrapper\">\r\n\t\t\t\t<div class=\"title-h5\">Que sont les facettes en porcelaine ?<\/div>\n\r\n\t\t\t<\/div>\r\n\t\t\t<style>@media screen and (max-width: 1023px) {.thegem-vc-text.thegem-custom-69ff13b6b56239458{display: block!important;}}@media screen and (max-width: 767px) {.thegem-vc-text.thegem-custom-69ff13b6b56239458{display: block!important;}}@media screen and (max-width: 1023px) {.thegem-vc-text.thegem-custom-69ff13b6b56239458{position: relative !important;}}@media screen and (max-width: 767px) {.thegem-vc-text.thegem-custom-69ff13b6b56239458{position: relative !important;}}<\/style>\r\n\t\t<\/div>\r\n\t\r\n\r\n\t\r\n\t\t<div class=\"wpb_text_column wpb_content_element  vc_custom_1752279387522 thegem-vc-text thegem-custom-69ff13b6b57605217\"  >\r\n\t\t\t<div class=\"wpb_wrapper\">\r\n\t\t\t\t<p data-start=\"485\" data-end=\"691\">Les facettes en porcelaine sont de fines coques sur mesure qui sont coll\u00e9es sur la face avant de vos dents. Elles sont con\u00e7ues pour corriger divers probl\u00e8mes esth\u00e9tiques, vous offrant ainsi un sourire \u00e9clatant, harmonieux et confiant.<\/p>\n\r\n\t\t\t<\/div>\r\n\t\t\t<style>@media screen and (max-width: 1023px) {.thegem-vc-text.thegem-custom-69ff13b6b57605217{display: block!important;}}@media screen and (max-width: 767px) {.thegem-vc-text.thegem-custom-69ff13b6b57605217{display: block!important;}}@media screen and (max-width: 1023px) {.thegem-vc-text.thegem-custom-69ff13b6b57605217{position: relative !important;}}@media screen and (max-width: 767px) {.thegem-vc-text.thegem-custom-69ff13b6b57605217{position: relative !important;}}<\/style>\r\n\t\t<\/div>\r\n\t\r\n<\/div><\/div><\/div><\/div><div id=\"vc_row-69ff13b6b59e2\" class=\"vc_row wpb_row vc_row-fluid thegem-custom-69ff13b6b59d13601\"><div class=\"wpb_column vc_column_container vc_col-sm-12 thegem-custom-69ff13b6b5bcd7641\" ><div class=\"vc_column-inner thegem-custom-inner-69ff13b6b5bd0\"><div class=\"wpb_wrapper thegem-custom-69ff13b6b5bcd7641\">\r\n\t\r\n\t\t<div class=\"wpb_text_column wpb_content_element  vc_custom_1752279397448 thegem-vc-text thegem-custom-69ff13b6b5d286452\"  >\r\n\t\t\t<div class=\"wpb_wrapper\">\r\n\t\t\t\t<div class=\"title-h5\">Les facettes peuvent aider dans les cas suivants :<\/div>\n\r\n\t\t\t<\/div>\r\n\t\t\t<style>@media screen and (max-width: 1023px) {.thegem-vc-text.thegem-custom-69ff13b6b5d286452{display: block!important;}}@media screen and (max-width: 767px) {.thegem-vc-text.thegem-custom-69ff13b6b5d286452{display: block!important;}}@media screen and (max-width: 1023px) {.thegem-vc-text.thegem-custom-69ff13b6b5d286452{position: relative !important;}}@media screen and (max-width: 767px) {.thegem-vc-text.thegem-custom-69ff13b6b5d286452{position: relative !important;}}<\/style>\r\n\t\t<\/div>\r\n\t\r\n\r\n\t\r\n\t\t<div class=\"wpb_text_column wpb_content_element  vc_custom_1752279404328 thegem-vc-text thegem-custom-69ff13b6b5e6d928\"  >\r\n\t\t\t<div class=\"wpb_wrapper\">\r\n\t\t\t\t<ul>\n<li data-start=\"790\" data-end=\"815\">\n<p data-start=\"792\" data-end=\"815\">Dents \u00e9br\u00e9ch\u00e9es ou us\u00e9es<\/p>\n<\/li>\n<li data-start=\"816\" data-end=\"879\">\n<p data-start=\"818\" data-end=\"879\">Dents tach\u00e9es ou d\u00e9color\u00e9es qui ne r\u00e9agissent pas au blanchiment<\/p>\n<\/li>\n<li data-start=\"880\" data-end=\"916\">\n<p data-start=\"882\" data-end=\"916\">Dents l\u00e9g\u00e8rement tordues ou irr\u00e9guli\u00e8res<\/p>\n<\/li>\n<li data-start=\"917\" data-end=\"939\">\n<p data-start=\"919\" data-end=\"939\">Espaces entre les dents<\/p>\n<\/li>\n<li data-start=\"940\" data-end=\"973\">\n<p data-start=\"942\" data-end=\"973\">Dents d\u00e9form\u00e9es ou asym\u00e9triques<\/p>\n<\/li>\n<\/ul>\n\r\n\t\t\t<\/div>\r\n\t\t\t<style>@media screen and (max-width: 1023px) {.thegem-vc-text.thegem-custom-69ff13b6b5e6d928{display: block!important;}}@media screen and (max-width: 767px) {.thegem-vc-text.thegem-custom-69ff13b6b5e6d928{display: block!important;}}@media screen and (max-width: 1023px) {.thegem-vc-text.thegem-custom-69ff13b6b5e6d928{position: relative !important;}}@media screen and (max-width: 767px) {.thegem-vc-text.thegem-custom-69ff13b6b5e6d928{position: relative !important;}}<\/style>\r\n\t\t<\/div>\r\n\t\r\n<\/div><\/div><\/div><\/div><div id=\"vc_row-69ff13b6b60ff\" class=\"vc_row wpb_row vc_row-fluid thegem-custom-69ff13b6b60f53820\"><div class=\"wpb_column vc_column_container vc_col-sm-12 thegem-custom-69ff13b6b62af2995\" ><div class=\"vc_column-inner thegem-custom-inner-69ff13b6b62b1\"><div class=\"wpb_wrapper thegem-custom-69ff13b6b62af2995\">\r\n\t\r\n\t\t<div class=\"wpb_text_column wpb_content_element  vc_custom_1752279426190 thegem-vc-text thegem-custom-69ff13b6b63e9230\"  >\r\n\t\t\t<div class=\"wpb_wrapper\">\r\n\t\t\t\t<div class=\"title-h5\">Avantages des facettes en porcelaine<\/div>\n\r\n\t\t\t<\/div>\r\n\t\t\t<style>@media screen and (max-width: 1023px) {.thegem-vc-text.thegem-custom-69ff13b6b63e9230{display: block!important;}}@media screen and (max-width: 767px) {.thegem-vc-text.thegem-custom-69ff13b6b63e9230{display: block!important;}}@media screen and (max-width: 1023px) {.thegem-vc-text.thegem-custom-69ff13b6b63e9230{position: relative !important;}}@media screen and (max-width: 767px) {.thegem-vc-text.thegem-custom-69ff13b6b63e9230{position: relative !important;}}<\/style>\r\n\t\t<\/div>\r\n\t\r\n\r\n\t\r\n\t\t<div class=\"wpb_text_column wpb_content_element  vc_custom_1752279433157 thegem-vc-text thegem-custom-69ff13b6b64f73260\"  >\r\n\t\t\t<div class=\"wpb_wrapper\">\r\n\t\t\t\t<ul>\n<li data-start=\"1009\" data-end=\"1108\">\n<p data-start=\"1011\" data-end=\"1108\"><strong data-start=\"1011\" data-end=\"1033\">Aspect naturel :<\/strong> con\u00e7ues pour correspondre \u00e0 la forme, \u00e0 la couleur et \u00e0 la translucidit\u00e9 de vos dents naturelles<\/p>\n<\/li>\n<li data-start=\"1109\" data-end=\"1193\">\n<p data-start=\"1111\" data-end=\"1193\"><strong data-start=\"1111\" data-end=\"1130\">R\u00e9sistant aux taches :<\/strong> La porcelaine r\u00e9siste mieux \u00e0 la d\u00e9coloration que l'\u00e9mail naturel.<\/p>\n<\/li>\n<li data-start=\"1194\" data-end=\"1249\">\n<p data-start=\"1196\" data-end=\"1249\"><strong data-start=\"1196\" data-end=\"1207\">Durable :<\/strong> r\u00e9sultats durables avec des soins appropri\u00e9s<\/p>\n<\/li>\n<li data-start=\"1250\" data-end=\"1325\">\n<p data-start=\"1252\" data-end=\"1325\"><strong data-start=\"1252\" data-end=\"1274\">Peu invasif :<\/strong> seule une petite quantit\u00e9 d'\u00e9mail dentaire est retir\u00e9e<\/p>\n<\/li>\n<li data-start=\"1326\" data-end=\"1392\">\n<p data-start=\"1328\" data-end=\"1392\"><strong data-start=\"1328\" data-end=\"1342\">Ajustement sur mesure :<\/strong> chaque facette est fabriqu\u00e9e sur mesure pour s'adapter \u00e0 votre sourire.<\/p>\n<\/li>\n<\/ul>\n\r\n\t\t\t<\/div>\r\n\t\t\t<style>@media screen and (max-width: 1023px) {.thegem-vc-text.thegem-custom-69ff13b6b64f73260{display: block!important;}}@media screen and (max-width: 767px) {.thegem-vc-text.thegem-custom-69ff13b6b64f73260{display: block!important;}}@media screen and (max-width: 1023px) {.thegem-vc-text.thegem-custom-69ff13b6b64f73260{position: relative !important;}}@media screen and (max-width: 767px) {.thegem-vc-text.thegem-custom-69ff13b6b64f73260{position: relative !important;}}<\/style>\r\n\t\t<\/div>\r\n\t\r\n<\/div><\/div><\/div><\/div><div id=\"vc_row-69ff13b6b680f\" class=\"vc_row wpb_row vc_row-fluid thegem-custom-69ff13b6b68046697\"><div class=\"wpb_column vc_column_container vc_col-sm-12 thegem-custom-69ff13b6b69e87320\" ><div class=\"vc_column-inner thegem-custom-inner-69ff13b6b69fb\"><div class=\"wpb_wrapper thegem-custom-69ff13b6b69e87320\">\r\n\t\r\n\t\t<div class=\"wpb_text_column wpb_content_element  vc_custom_1752279439614 thegem-vc-text thegem-custom-69ff13b6b6b476533\"  >\r\n\t\t\t<div class=\"wpb_wrapper\">\r\n\t\t\t\t<div class=\"title-h5\">Le processus de placage<\/div>\n\r\n\t\t\t<\/div>\r\n\t\t\t<style>@media screen and (max-width: 1023px) {.thegem-vc-text.thegem-custom-69ff13b6b6b476533{display: block!important;}}@media screen and (max-width: 767px) {.thegem-vc-text.thegem-custom-69ff13b6b6b476533{display: block!important;}}@media screen and (max-width: 1023px) {.thegem-vc-text.thegem-custom-69ff13b6b6b476533{position: relative !important;}}@media screen and (max-width: 767px) {.thegem-vc-text.thegem-custom-69ff13b6b6b476533{position: relative !important;}}<\/style>\r\n\t\t<\/div>\r\n\t\r\n\r\n\t\r\n\t\t<div class=\"wpb_text_column wpb_content_element  vc_custom_1752279449852 thegem-vc-text thegem-custom-69ff13b6b6c465359\"  >\r\n\t\t\t<div class=\"wpb_wrapper\">\r\n\t\t\t\t<ul>\n<li data-start=\"1417\" data-end=\"1516\">\n<p data-start=\"1420\" data-end=\"1516\"><strong data-start=\"1420\" data-end=\"1436\">Consultation<\/strong> \u2014 Nous discutons de vos objectifs et \u00e9valuons si les facettes sont la solution qui vous convient.<\/p>\n<\/li>\n<li data-start=\"1517\" data-end=\"1612\">\n<p data-start=\"1520\" data-end=\"1612\"><strong data-start=\"1520\" data-end=\"1541\">Pr\u00e9paration dentaire<\/strong> \u2014 Une petite quantit\u00e9 d'\u00e9mail est d\u00e9licatement retir\u00e9e afin de pr\u00e9parer la surface.<\/p>\n<\/li>\n<li data-start=\"1613\" data-end=\"1695\">\n<p data-start=\"1616\" data-end=\"1695\"><strong data-start=\"1616\" data-end=\"1631\">Impressions<\/strong> \u2014 Nous prenons des empreintes d\u00e9taill\u00e9es afin de concevoir vos facettes sur mesure.<\/p>\n<\/li>\n<li data-start=\"1696\" data-end=\"1804\">\n<p data-start=\"1699\" data-end=\"1804\"><strong data-start=\"1699\" data-end=\"1712\">Placement<\/strong> \u2014 Une fois vos facettes pr\u00eates, elles sont solidement coll\u00e9es et polies pour obtenir un fini impeccable.<\/p>\n<\/li>\n<\/ul>\n\r\n\t\t\t<\/div>\r\n\t\t\t<style>@media screen and (max-width: 1023px) {.thegem-vc-text.thegem-custom-69ff13b6b6c465359{display: block!important;}}@media screen and (max-width: 767px) {.thegem-vc-text.thegem-custom-69ff13b6b6c465359{display: block!important;}}@media screen and (max-width: 1023px) {.thegem-vc-text.thegem-custom-69ff13b6b6c465359{position: relative !important;}}@media screen and (max-width: 767px) {.thegem-vc-text.thegem-custom-69ff13b6b6c465359{position: relative !important;}}<\/style>\r\n\t\t<\/div>\r\n\t\r\n<\/div><\/div><\/div><\/div><div id=\"vc_row-69ff13b6b6eff\" class=\"vc_row wpb_row vc_row-fluid thegem-custom-69ff13b6b6ef53522\"><div class=\"wpb_column vc_column_container vc_col-sm-12 thegem-custom-69ff13b6b70773074\" ><div class=\"vc_column-inner thegem-custom-inner-69ff13b6b7078\"><div class=\"wpb_wrapper thegem-custom-69ff13b6b70773074\">\r\n\t\r\n\t\t<div class=\"wpb_text_column wpb_content_element  vc_custom_1752279455477 thegem-vc-text thegem-custom-69ff13b6b71b2244\"  >\r\n\t\t\t<div class=\"wpb_wrapper\">\r\n\t\t\t\t<div class=\"title-h5\">Prendre soin de vos facettes dentaires<\/div>\n\r\n\t\t\t<\/div>\r\n\t\t\t<style>@media screen and (max-width: 1023px) {.thegem-vc-text.thegem-custom-69ff13b6b71b2244{display: block!important;}}@media screen and (max-width: 767px) {.thegem-vc-text.thegem-custom-69ff13b6b71b2244{display: block!important;}}@media screen and (max-width: 1023px) {.thegem-vc-text.thegem-custom-69ff13b6b71b2244{position: relative !important;}}@media screen and (max-width: 767px) {.thegem-vc-text.thegem-custom-69ff13b6b71b2244{position: relative !important;}}<\/style>\r\n\t\t<\/div>\r\n\t\r\n\r\n\t\r\n\t\t<div class=\"wpb_text_column wpb_content_element  vc_custom_1752279460396 thegem-vc-text thegem-custom-69ff13b6b72d98714\"  >\r\n\t\t\t<div class=\"wpb_wrapper\">\r\n\t\t\t\t<p>Les facettes en porcelaine sont faciles \u00e0 entretenir. Brossez-vous les dents et utilisez du fil dentaire comme d'habitude, \u00e9vitez de mordre dans des objets durs et venez nous voir r\u00e9guli\u00e8rement pour des contr\u00f4les afin de conserver un sourire \u00e9clatant.<\/p>\n\r\n\t\t\t<\/div>\r\n\t\t\t<style>@media screen and (max-width: 1023px) {.thegem-vc-text.thegem-custom-69ff13b6b72d98714{display: block!important;}}@media screen and (max-width: 767px) {.thegem-vc-text.thegem-custom-69ff13b6b72d98714{display: block!important;}}@media screen and (max-width: 1023px) {.thegem-vc-text.thegem-custom-69ff13b6b72d98714{position: relative !important;}}@media screen and (max-width: 767px) {.thegem-vc-text.thegem-custom-69ff13b6b72d98714{position: relative !important;}}<\/style>\r\n\t\t<\/div>\r\n\t\r\n<\/div><\/div><\/div><\/div><div id=\"vc_row-69ff13b6b7514\" class=\"vc_row wpb_row vc_row-fluid vc_custom_1752272962360 thegem-custom-69ff13b6b74fd8146\">\n<style>\n@media(max-width: 1499px) and (min-width: 1200px){\n    #vc_row-69ff13b6b7514 .phone-column .vc_column-inner{\n        padding-left: 45px!important;\n}}\n@media(max-width: 1199px) and (min-width: 1024px){\n    #vc_row-69ff13b6b7514 .phone-column .vc_column-inner{\n        padding-left: 21px!important;\n}}\n@media(max-width: 1199px) {  \n    #vc_row-69ff13b6b7514 .phone-column .thegem-heading{\n        text-align: center!important;\n}}\n\n<\/style>\n<style>@media screen and (max-width: 767px) {.thegem-custom-69ff13b6b74fd8146.wpb_row {padding-top: 30px !important;}}@media screen and (max-width: 767px) {.thegem-custom-69ff13b6b74fd8146.wpb_row {padding-bottom: 30px !important;}}@media screen and (max-width: 767px) {.thegem-custom-69ff13b6b74fd8146.wpb_row {padding-left: 30px !important;}}@media screen and (max-width: 767px) {.thegem-custom-69ff13b6b74fd8146.wpb_row {padding-right: 30px !important;}}<\/style><div class=\"wpb_column vc_column_container vc_col-sm-12 thegem-custom-69ff13b6b770b8016 vc_col-has-fill\" ><div class=\"vc_column-inner thegem-custom-inner-69ff13b6b770d vc_custom_1752273445200\"><style>@media screen and (max-width: 1023px) {.thegem-custom-inner-69ff13b6b770d.vc_column-inner {padding-top: 70px !important;}}@media screen and (max-width: 1023px) {.thegem-custom-inner-69ff13b6b770d.vc_column-inner {padding-bottom: 70px !important;}}@media screen and (max-width: 767px) {.thegem-custom-inner-69ff13b6b770d.vc_column-inner {padding-left: 30px !important;}}@media screen and (max-width: 767px) {.thegem-custom-inner-69ff13b6b770d.vc_column-inner {padding-right: 30px !important;}}\n<\/style><div class=\"wpb_wrapper thegem-custom-69ff13b6b770b8016\"><div class=\"vc_row wpb_row vc_inner vc_row-fluid vc_custom_1711017329808 thegem-custom-69ff13b6b7a1b689 vc_row-o-equal-height vc_row-o-content-middle vc_row-flex custom-inner-column-69ff13b6b7a2d\" ><div class=\"wpb_column vc_column_container vc_col-sm-12 vc_col-lg-12 vc_col-md-12 vc_col-xs-12 thegem-custom-69ff13b6b7c077817\"><div class=\"vc_column-inner thegem-custom-inner-69ff13b6b7c09\"><div class=\"wpb_wrapper thegem-custom-69ff13b6b7c077817\">\r\n\t\r\n\t\t<div class=\"wpb_text_column wpb_content_element  vc_custom_1752279470675 thegem-vc-text thegem-custom-69ff13b6b7d837055\"  >\r\n\t\t\t<div class=\"wpb_wrapper\">\r\n\t\t\t\t<div class=\"styled-subtitle\" style=\"text-align: center;\" data-start=\"2257\" data-end=\"2368\"><span style=\"color: #ffffff;\"><strong>Pr\u00eat pour un relooking de votre sourire ? Prenez rendez-vous pour une consultation esth\u00e9tique chez Dentistes Fabreville afin de d\u00e9terminer si les facettes en porcelaine vous conviennent.<\/strong><\/span><\/div>\n\r\n\t\t\t<\/div>\r\n\t\t\t<style>@media screen and (max-width: 1023px) {.thegem-vc-text.thegem-custom-69ff13b6b7d837055{display: block!important;}}@media screen and (max-width: 767px) {.thegem-vc-text.thegem-custom-69ff13b6b7d837055{display: block!important;}}@media screen and (max-width: 1023px) {.thegem-vc-text.thegem-custom-69ff13b6b7d837055{position: relative !important;}}@media screen and (max-width: 767px) {.thegem-vc-text.thegem-custom-69ff13b6b7d837055{position: relative !important;}}<\/style>\r\n\t\t<\/div>\r\n\t\r\n<\/div><\/div><\/div><\/div><style type=\"text\/css\">.thegem-button-69ff13b6b7f881882 .gem-button svg {fill: #1E73BE;}<\/style><div class=\"gem-button-container gem-button-position-center thegem-button-69ff13b6b7f881882\"  ><a class=\"gem-button gem-button-size-small gem-button-style-flat gem-button-text-weight-normal\" data-ll-effect=\"drop-right-without-wrap\" style=\"border-radius: 5px;background-color: #FFFFFF;color: #1E73BE;\" onmouseleave=\"this.style.backgroundColor='#FFFFFF';this.style.color='#1E73BE';\" onmouseenter=\"\" href=\"tel:4506227474\" target=\"_self\">Prendre rendez-vous<\/a><\/div> <\/div><\/div><\/div><\/div>\n<\/div>","protected":false},"excerpt":{"rendered":"","protected":false},"author":1,"featured_media":1034,"parent":0,"menu_order":9,"comment_status":"closed","ping_status":"closed","template":"","meta":{"footnotes":""},"class_list":["post-13386","page","type-page","status-publish","has-post-thumbnail"],"_links":{"self":[{"href":"https:\/\/dentistesfabreville.com\/fr\/wp-json\/wp\/v2\/pages\/13386","targetHints":{"allow":["GET"]}}],"collection":[{"href":"https:\/\/dentistesfabreville.com\/fr\/wp-json\/wp\/v2\/pages"}],"about":[{"href":"https:\/\/dentistesfabreville.com\/fr\/wp-json\/wp\/v2\/types\/page"}],"author":[{"embeddable":true,"href":"https:\/\/dentistesfabreville.com\/fr\/wp-json\/wp\/v2\/users\/1"}],"replies":[{"embeddable":true,"href":"https:\/\/dentistesfabreville.com\/fr\/wp-json\/wp\/v2\/comments?post=13386"}],"version-history":[{"count":2,"href":"https:\/\/dentistesfabreville.com\/fr\/wp-json\/wp\/v2\/pages\/13386\/revisions"}],"predecessor-version":[{"id":13388,"href":"https:\/\/dentistesfabreville.com\/fr\/wp-json\/wp\/v2\/pages\/13386\/revisions\/13388"}],"wp:featuredmedia":[{"embeddable":true,"href":"https:\/\/dentistesfabreville.com\/fr\/wp-json\/wp\/v2\/media\/1034"}],"wp:attachment":[{"href":"https:\/\/dentistesfabreville.com\/fr\/wp-json\/wp\/v2\/media?parent=13386"}],"curies":[{"name":"wp","href":"https:\/\/api.w.org\/{rel}","templated":true}]}}