{"id":13362,"date":"2025-07-11T18:53:23","date_gmt":"2025-07-11T22:53:23","guid":{"rendered":"https:\/\/dentistesfabreville.com\/?page_id=13362"},"modified":"2025-07-11T18:54:51","modified_gmt":"2025-07-11T22:54:51","slug":"gum-disease-treatment","status":"publish","type":"page","link":"https:\/\/dentistesfabreville.com\/fr\/gum-disease-treatment\/","title":{"rendered":"Traitement des maladies gingivales"},"content":{"rendered":"<div class=\"wpb-content-wrapper\"><div id=\"vc_row-69ff13a259c1e\" class=\"vc_row wpb_row vc_row-fluid thegem-custom-69ff13a259c0e1262\"><div class=\"wpb_column vc_column_container vc_col-sm-12 thegem-custom-69ff13a259e892034\" ><div class=\"vc_column-inner thegem-custom-inner-69ff13a259e8b\"><div class=\"wpb_wrapper thegem-custom-69ff13a259e892034\">\r\n\t\r\n\t\t<div class=\"wpb_text_column wpb_content_element  vc_custom_1752274411398 thegem-vc-text thegem-custom-69ff13a25a2312565\"  >\r\n\t\t\t<div class=\"wpb_wrapper\">\r\n\t\t\t\t<div class=\"title-h4\"><strong>Traitement des maladies gingivales<\/strong><\/div>\n\r\n\t\t\t<\/div>\r\n\t\t\t<style>@media screen and (max-width: 1023px) {.thegem-vc-text.thegem-custom-69ff13a25a2312565{display: block!important;}}@media screen and (max-width: 767px) {.thegem-vc-text.thegem-custom-69ff13a25a2312565{display: block!important;}}@media screen and (max-width: 1023px) {.thegem-vc-text.thegem-custom-69ff13a25a2312565{position: relative !important;}}@media screen and (max-width: 767px) {.thegem-vc-text.thegem-custom-69ff13a25a2312565{position: relative !important;}}<\/style>\r\n\t\t<\/div>\r\n\t\r\n\r\n\t\r\n\t\t<div class=\"wpb_text_column wpb_content_element  vc_custom_1752274417007 thegem-vc-text thegem-custom-69ff13a25a3762623\"  >\r\n\t\t\t<div class=\"wpb_wrapper\">\r\n\t\t\t\t<div class=\"styled-subtitle\">Prot\u00e9ger les fondements de votre sourire<\/div>\n\r\n\t\t\t<\/div>\r\n\t\t\t<style>@media screen and (max-width: 1023px) {.thegem-vc-text.thegem-custom-69ff13a25a3762623{display: block!important;}}@media screen and (max-width: 767px) {.thegem-vc-text.thegem-custom-69ff13a25a3762623{display: block!important;}}@media screen and (max-width: 1023px) {.thegem-vc-text.thegem-custom-69ff13a25a3762623{position: relative !important;}}@media screen and (max-width: 767px) {.thegem-vc-text.thegem-custom-69ff13a25a3762623{position: relative !important;}}<\/style>\r\n\t\t<\/div>\r\n\t\r\n\r\n\t\r\n\t\t<div class=\"wpb_text_column wpb_content_element  vc_custom_1752274423060 thegem-vc-text thegem-custom-69ff13a25a4b69547\"  >\r\n\t\t\t<div class=\"wpb_wrapper\">\r\n\t\t\t\t<p data-start=\"243\" data-end=\"443\">Des gencives saines sont essentielles pour une bouche en bonne sant\u00e9. Chez Dentistes Fabreville, nous offrons des soins personnalis\u00e9s pour aider \u00e0 pr\u00e9venir, g\u00e9rer et traiter les maladies des gencives, \u00e9galement appel\u00e9es maladies parodontales, \u00e0 tous les stades.<\/p>\n<p data-start=\"445\" data-end=\"619\">Les maladies gingivales sont courantes, mais si elles ne sont pas trait\u00e9es, elles peuvent entra\u00eener la perte des dents et avoir des r\u00e9percussions sur votre sant\u00e9 g\u00e9n\u00e9rale. C'est pourquoi un diagnostic pr\u00e9coce et un traitement appropri\u00e9 sont essentiels.<\/p>\n\r\n\t\t\t<\/div>\r\n\t\t\t<style>@media screen and (max-width: 1023px) {.thegem-vc-text.thegem-custom-69ff13a25a4b69547{display: block!important;}}@media screen and (max-width: 767px) {.thegem-vc-text.thegem-custom-69ff13a25a4b69547{display: block!important;}}@media screen and (max-width: 1023px) {.thegem-vc-text.thegem-custom-69ff13a25a4b69547{position: relative !important;}}@media screen and (max-width: 767px) {.thegem-vc-text.thegem-custom-69ff13a25a4b69547{position: relative !important;}}<\/style>\r\n\t\t<\/div>\r\n\t\r\n<\/div><\/div><\/div><\/div><div id=\"vc_row-69ff13a25a789\" class=\"vc_row wpb_row vc_row-fluid thegem-custom-69ff13a25a77c8506\"><div class=\"wpb_column vc_column_container vc_col-sm-12 thegem-custom-69ff13a25a95f70\" ><div class=\"vc_column-inner thegem-custom-inner-69ff13a25a961\"><div class=\"wpb_wrapper thegem-custom-69ff13a25a95f70\">\r\n\t\r\n\t\t<div class=\"wpb_text_column wpb_content_element  vc_custom_1752274428048 thegem-vc-text thegem-custom-69ff13a25aadb2390\"  >\r\n\t\t\t<div class=\"wpb_wrapper\">\r\n\t\t\t\t<div class=\"title-h5\">Qu'est-ce que la maladie des gencives ?<\/div>\n\r\n\t\t\t<\/div>\r\n\t\t\t<style>@media screen and (max-width: 1023px) {.thegem-vc-text.thegem-custom-69ff13a25aadb2390{display: block!important;}}@media screen and (max-width: 767px) {.thegem-vc-text.thegem-custom-69ff13a25aadb2390{display: block!important;}}@media screen and (max-width: 1023px) {.thegem-vc-text.thegem-custom-69ff13a25aadb2390{position: relative !important;}}@media screen and (max-width: 767px) {.thegem-vc-text.thegem-custom-69ff13a25aadb2390{position: relative !important;}}<\/style>\r\n\t\t<\/div>\r\n\t\r\n\r\n\t\r\n\t\t<div class=\"wpb_text_column wpb_content_element  vc_custom_1752274434289 thegem-vc-text thegem-custom-69ff13a25abf49364\"  >\r\n\t\t\t<div class=\"wpb_wrapper\">\r\n\t\t\t\t<p data-start=\"648\" data-end=\"833\">La maladie des gencives est une infection des tissus qui soutiennent vos dents. Elle commence souvent par des sympt\u00f4mes b\u00e9nins tels que des rougeurs ou des saignements et peut \u00e9voluer vers des stades plus graves si elle n'est pas trait\u00e9e.<\/p>\n<p data-start=\"835\" data-end=\"860\">Il existe deux formes principales :<\/p>\n<ul data-start=\"861\" data-end=\"1081\">\n<li data-start=\"861\" data-end=\"962\">\n<p data-start=\"863\" data-end=\"962\"><strong data-start=\"863\" data-end=\"877\">Gingivite<\/strong>: Le stade pr\u00e9coce, g\u00e9n\u00e9ralement r\u00e9versible gr\u00e2ce \u00e0 des soins professionnels et une bonne hygi\u00e8ne bucco-dentaire.<\/p>\n<\/li>\n<li data-start=\"963\" data-end=\"1081\">\n<p data-start=\"965\" data-end=\"1081\"><strong data-start=\"965\" data-end=\"982\">Parodontite<\/strong>: Un stade plus avanc\u00e9 qui peut entra\u00eener une r\u00e9cession gingivale, une perte osseuse et une mobilit\u00e9 dentaire s'il n'est pas trait\u00e9.<\/p>\n<\/li>\n<\/ul>\n\r\n\t\t\t<\/div>\r\n\t\t\t<style>@media screen and (max-width: 1023px) {.thegem-vc-text.thegem-custom-69ff13a25abf49364{display: block!important;}}@media screen and (max-width: 767px) {.thegem-vc-text.thegem-custom-69ff13a25abf49364{display: block!important;}}@media screen and (max-width: 1023px) {.thegem-vc-text.thegem-custom-69ff13a25abf49364{position: relative !important;}}@media screen and (max-width: 767px) {.thegem-vc-text.thegem-custom-69ff13a25abf49364{position: relative !important;}}<\/style>\r\n\t\t<\/div>\r\n\t\r\n<\/div><\/div><\/div><\/div><div id=\"vc_row-69ff13a25ae8a\" class=\"vc_row wpb_row vc_row-fluid thegem-custom-69ff13a25ae816439\"><div class=\"wpb_column vc_column_container vc_col-sm-12 thegem-custom-69ff13a25affd8557\" ><div class=\"vc_column-inner thegem-custom-inner-69ff13a25affe\"><div class=\"wpb_wrapper thegem-custom-69ff13a25affd8557\">\r\n\t\r\n\t\t<div class=\"wpb_text_column wpb_content_element  vc_custom_1752274440436 thegem-vc-text thegem-custom-69ff13a25b1537084\"  >\r\n\t\t\t<div class=\"wpb_wrapper\">\r\n\t\t\t\t<div class=\"title-h5\">Signes de maladie gingivale<\/div>\n\r\n\t\t\t<\/div>\r\n\t\t\t<style>@media screen and (max-width: 1023px) {.thegem-vc-text.thegem-custom-69ff13a25b1537084{display: block!important;}}@media screen and (max-width: 767px) {.thegem-vc-text.thegem-custom-69ff13a25b1537084{display: block!important;}}@media screen and (max-width: 1023px) {.thegem-vc-text.thegem-custom-69ff13a25b1537084{position: relative !important;}}@media screen and (max-width: 767px) {.thegem-vc-text.thegem-custom-69ff13a25b1537084{position: relative !important;}}<\/style>\r\n\t\t<\/div>\r\n\t\r\n\r\n\t\r\n\t\t<div class=\"wpb_text_column wpb_content_element  vc_custom_1752274450775 thegem-vc-text thegem-custom-69ff13a25b2539373\"  >\r\n\t\t\t<div class=\"wpb_wrapper\">\r\n\t\t\t\t<ul>\n<li data-start=\"1108\" data-end=\"1140\">\n<p data-start=\"1110\" data-end=\"1140\">Gencives rouges, enfl\u00e9es ou sensibles<\/p>\n<\/li>\n<li data-start=\"1141\" data-end=\"1181\">\n<p data-start=\"1143\" data-end=\"1181\">Saignement lors du brossage ou de l'utilisation du fil dentaire<\/p>\n<\/li>\n<li data-start=\"1182\" data-end=\"1207\">\n<p data-start=\"1184\" data-end=\"1207\">Mauvaise haleine persistante<\/p>\n<\/li>\n<li data-start=\"1208\" data-end=\"1247\">\n<p data-start=\"1210\" data-end=\"1247\">R\u00e9cession gingivale (les dents semblent plus longues)<\/p>\n<\/li>\n<li data-start=\"1248\" data-end=\"1273\">\n<p data-start=\"1250\" data-end=\"1273\">Dents mobiles ou qui bougent<\/p>\n<\/li>\n<\/ul>\n\r\n\t\t\t<\/div>\r\n\t\t\t<style>@media screen and (max-width: 1023px) {.thegem-vc-text.thegem-custom-69ff13a25b2539373{display: block!important;}}@media screen and (max-width: 767px) {.thegem-vc-text.thegem-custom-69ff13a25b2539373{display: block!important;}}@media screen and (max-width: 1023px) {.thegem-vc-text.thegem-custom-69ff13a25b2539373{position: relative !important;}}@media screen and (max-width: 767px) {.thegem-vc-text.thegem-custom-69ff13a25b2539373{position: relative !important;}}<\/style>\r\n\t\t<\/div>\r\n\t\r\n<\/div><\/div><\/div><\/div><div id=\"vc_row-69ff13a25b4b9\" class=\"vc_row wpb_row vc_row-fluid thegem-custom-69ff13a25b4af7441\"><div class=\"wpb_column vc_column_container vc_col-sm-12 thegem-custom-69ff13a25b66f1953\" ><div class=\"vc_column-inner thegem-custom-inner-69ff13a25b671\"><div class=\"wpb_wrapper thegem-custom-69ff13a25b66f1953\">\r\n\t\r\n\t\t<div class=\"wpb_text_column wpb_content_element  vc_custom_1752274458125 thegem-vc-text thegem-custom-69ff13a25b7a4932\"  >\r\n\t\t\t<div class=\"wpb_wrapper\">\r\n\t\t\t\t<div class=\"title-h5\">Nos services de soins parodontaux comprennent :<\/div>\n\r\n\t\t\t<\/div>\r\n\t\t\t<style>@media screen and (max-width: 1023px) {.thegem-vc-text.thegem-custom-69ff13a25b7a4932{display: block!important;}}@media screen and (max-width: 767px) {.thegem-vc-text.thegem-custom-69ff13a25b7a4932{display: block!important;}}@media screen and (max-width: 1023px) {.thegem-vc-text.thegem-custom-69ff13a25b7a4932{position: relative !important;}}@media screen and (max-width: 767px) {.thegem-vc-text.thegem-custom-69ff13a25b7a4932{position: relative !important;}}<\/style>\r\n\t\t<\/div>\r\n\t\r\n\r\n\t\r\n\t\t<div class=\"wpb_text_column wpb_content_element  vc_custom_1752274463876 thegem-vc-text thegem-custom-69ff13a25b8b79177\"  >\r\n\t\t\t<div class=\"wpb_wrapper\">\r\n\t\t\t\t<ul>\n<li data-start=\"1318\" data-end=\"1442\">\n<p data-start=\"1320\" data-end=\"1442\"><strong data-start=\"1320\" data-end=\"1353\">\u00c9valuations compl\u00e8tes des gencives<\/strong>: Nous recherchons les signes d'inflammation, mesurons les poches gingivales et \u00e9valuons l'\u00e9tat g\u00e9n\u00e9ral des gencives.<\/p>\n<\/li>\n<li data-start=\"1443\" data-end=\"1598\">\n<p data-start=\"1445\" data-end=\"1598\"><strong data-start=\"1445\" data-end=\"1490\">Nettoyages en profondeur (d\u00e9tartrage et surfa\u00e7age radiculaire)<\/strong>: Un nettoyage sp\u00e9cialis\u00e9 qui \u00e9limine l'accumulation de plaque dentaire et de tartre sous la ligne gingivale afin de contribuer \u00e0 contr\u00f4ler l'infection.<\/p>\n<\/li>\n<li data-start=\"1599\" data-end=\"1713\">\n<p data-start=\"1601\" data-end=\"1713\"><strong data-start=\"1601\" data-end=\"1623\">Visites d'entretien<\/strong>: Nettoyages r\u00e9guliers et surveillance pour pr\u00e9venir les r\u00e9cidives et favoriser la sant\u00e9 gingivale \u00e0 long terme.<\/p>\n<\/li>\n<li data-start=\"1714\" data-end=\"1830\">\n<p data-start=\"1716\" data-end=\"1830\"><strong data-start=\"1716\" data-end=\"1741\">Conseils d'hygi\u00e8ne bucco-dentaire<\/strong>: Conseils personnalis\u00e9s sur le brossage, l'utilisation du fil dentaire et les outils de soins \u00e0 domicile pour garder vos gencives en bonne sant\u00e9.<\/p>\n<\/li>\n<li data-start=\"1831\" data-end=\"1979\">\n<p data-start=\"1833\" data-end=\"1979\"><strong data-start=\"1833\" data-end=\"1868\">Orientation vers un traitement avanc\u00e9<\/strong>: Si n\u00e9cessaire, nous pouvons orienter les patients vers des sp\u00e9cialistes de confiance pour des traitements parodontaux chirurgicaux ou au laser.<\/p>\n<\/li>\n<\/ul>\n\r\n\t\t\t<\/div>\r\n\t\t\t<style>@media screen and (max-width: 1023px) {.thegem-vc-text.thegem-custom-69ff13a25b8b79177{display: block!important;}}@media screen and (max-width: 767px) {.thegem-vc-text.thegem-custom-69ff13a25b8b79177{display: block!important;}}@media screen and (max-width: 1023px) {.thegem-vc-text.thegem-custom-69ff13a25b8b79177{position: relative !important;}}@media screen and (max-width: 767px) {.thegem-vc-text.thegem-custom-69ff13a25b8b79177{position: relative !important;}}<\/style>\r\n\t\t<\/div>\r\n\t\r\n<\/div><\/div><\/div><\/div><div id=\"vc_row-69ff13a25bb9f\" class=\"vc_row wpb_row vc_row-fluid thegem-custom-69ff13a25bb951911\"><div class=\"wpb_column vc_column_container vc_col-sm-12 thegem-custom-69ff13a25bd268258\" ><div class=\"vc_column-inner thegem-custom-inner-69ff13a25bd28\"><div class=\"wpb_wrapper thegem-custom-69ff13a25bd268258\">\r\n\t\r\n\t\t<div class=\"wpb_text_column wpb_content_element  vc_custom_1752274470842 thegem-vc-text thegem-custom-69ff13a25be443012\"  >\r\n\t\t\t<div class=\"wpb_wrapper\">\r\n\t\t\t\t<div class=\"title-h5\">Une approche personnalis\u00e9e<\/div>\n\r\n\t\t\t<\/div>\r\n\t\t\t<style>@media screen and (max-width: 1023px) {.thegem-vc-text.thegem-custom-69ff13a25be443012{display: block!important;}}@media screen and (max-width: 767px) {.thegem-vc-text.thegem-custom-69ff13a25be443012{display: block!important;}}@media screen and (max-width: 1023px) {.thegem-vc-text.thegem-custom-69ff13a25be443012{position: relative !important;}}@media screen and (max-width: 767px) {.thegem-vc-text.thegem-custom-69ff13a25be443012{position: relative !important;}}<\/style>\r\n\t\t<\/div>\r\n\t\r\n\r\n\t\r\n\t\t<div class=\"wpb_text_column wpb_content_element  vc_custom_1752274476461 thegem-vc-text thegem-custom-69ff13a25bf444150\"  >\r\n\t\t\t<div class=\"wpb_wrapper\">\r\n\t\t\t\t<p>La sant\u00e9 gingivale varie d'un patient \u00e0 l'autre. Nous prenons le temps d'\u00e9valuer vos besoins et de vous recommander le plan de soins le plus appropri\u00e9 pour traiter votre affection et r\u00e9tablir la sant\u00e9 de vos gencives.<\/p>\n\r\n\t\t\t<\/div>\r\n\t\t\t<style>@media screen and (max-width: 1023px) {.thegem-vc-text.thegem-custom-69ff13a25bf444150{display: block!important;}}@media screen and (max-width: 767px) {.thegem-vc-text.thegem-custom-69ff13a25bf444150{display: block!important;}}@media screen and (max-width: 1023px) {.thegem-vc-text.thegem-custom-69ff13a25bf444150{position: relative !important;}}@media screen and (max-width: 767px) {.thegem-vc-text.thegem-custom-69ff13a25bf444150{position: relative !important;}}<\/style>\r\n\t\t<\/div>\r\n\t\r\n<\/div><\/div><\/div><\/div><div id=\"vc_row-69ff13a25c179\" class=\"vc_row wpb_row vc_row-fluid vc_custom_1752272962360 thegem-custom-69ff13a25c1657787\">\n<style>\n@media(max-width: 1499px) and (min-width: 1200px){\n    #vc_row-69ff13a25c179 .phone-column .vc_column-inner{\n        padding-left: 45px!important;\n}}\n@media(max-width: 1199px) and (min-width: 1024px){\n    #vc_row-69ff13a25c179 .phone-column .vc_column-inner{\n        padding-left: 21px!important;\n}}\n@media(max-width: 1199px) {  \n    #vc_row-69ff13a25c179 .phone-column .thegem-heading{\n        text-align: center!important;\n}}\n\n<\/style>\n<style>@media screen and (max-width: 767px) {.thegem-custom-69ff13a25c1657787.wpb_row {padding-top: 30px !important;}}@media screen and (max-width: 767px) {.thegem-custom-69ff13a25c1657787.wpb_row {padding-bottom: 30px !important;}}@media screen and (max-width: 767px) {.thegem-custom-69ff13a25c1657787.wpb_row {padding-left: 30px !important;}}@media screen and (max-width: 767px) {.thegem-custom-69ff13a25c1657787.wpb_row {padding-right: 30px !important;}}<\/style><div class=\"wpb_column vc_column_container vc_col-sm-12 thegem-custom-69ff13a25c3731494 vc_col-has-fill\" ><div class=\"vc_column-inner thegem-custom-inner-69ff13a25c376 vc_custom_1752273445200\"><style>@media screen and (max-width: 1023px) {.thegem-custom-inner-69ff13a25c376.vc_column-inner {padding-top: 70px !important;}}@media screen and (max-width: 1023px) {.thegem-custom-inner-69ff13a25c376.vc_column-inner {padding-bottom: 70px !important;}}@media screen and (max-width: 767px) {.thegem-custom-inner-69ff13a25c376.vc_column-inner {padding-left: 30px !important;}}@media screen and (max-width: 767px) {.thegem-custom-inner-69ff13a25c376.vc_column-inner {padding-right: 30px !important;}}\n<\/style><div class=\"wpb_wrapper thegem-custom-69ff13a25c3731494\"><div class=\"vc_row wpb_row vc_inner vc_row-fluid vc_custom_1711017329808 thegem-custom-69ff13a25c6a69008 vc_row-o-equal-height vc_row-o-content-middle vc_row-flex custom-inner-column-69ff13a25c6b5\" ><div class=\"wpb_column vc_column_container vc_col-sm-12 vc_col-lg-12 vc_col-md-12 vc_col-xs-12 thegem-custom-69ff13a25c8b2288\"><div class=\"vc_column-inner thegem-custom-inner-69ff13a25c8b4\"><div class=\"wpb_wrapper thegem-custom-69ff13a25c8b2288\">\r\n\t\r\n\t\t<div class=\"wpb_text_column wpb_content_element  vc_custom_1752274488394 thegem-vc-text thegem-custom-69ff13a25c9ea4471\"  >\r\n\t\t\t<div class=\"wpb_wrapper\">\r\n\t\t\t\t<div class=\"styled-subtitle\" style=\"text-align: center;\" data-start=\"2257\" data-end=\"2368\"><span style=\"color: #ffffff;\"><strong>Vous vous inqui\u00e9tez pour vos gencives ? N'attendez pas. Une intervention pr\u00e9coce peut faire toute la diff\u00e9rence. Prenez rendez-vous d\u00e8s aujourd'hui avec notre \u00e9quipe dentaire pour une \u00e9valuation et faites le premier pas vers des gencives plus saines et un sourire plus \u00e9clatant.<\/strong><\/span><\/div>\n\r\n\t\t\t<\/div>\r\n\t\t\t<style>@media screen and (max-width: 1023px) {.thegem-vc-text.thegem-custom-69ff13a25c9ea4471{display: block!important;}}@media screen and (max-width: 767px) {.thegem-vc-text.thegem-custom-69ff13a25c9ea4471{display: block!important;}}@media screen and (max-width: 1023px) {.thegem-vc-text.thegem-custom-69ff13a25c9ea4471{position: relative !important;}}@media screen and (max-width: 767px) {.thegem-vc-text.thegem-custom-69ff13a25c9ea4471{position: relative !important;}}<\/style>\r\n\t\t<\/div>\r\n\t\r\n<\/div><\/div><\/div><\/div><style type=\"text\/css\">.thegem-button-69ff13a25cbde8750 .gem-button svg {fill: #1E73BE;}<\/style><div class=\"gem-button-container gem-button-position-center thegem-button-69ff13a25cbde8750\"  ><a class=\"gem-button gem-button-size-small gem-button-style-flat gem-button-text-weight-normal\" data-ll-effect=\"drop-right-without-wrap\" style=\"border-radius: 5px;background-color: #FFFFFF;color: #1E73BE;\" onmouseleave=\"this.style.backgroundColor='#FFFFFF';this.style.color='#1E73BE';\" onmouseenter=\"\" href=\"tel:4506227474\" target=\"_self\">Prendre rendez-vous<\/a><\/div> <\/div><\/div><\/div><\/div>\n<\/div>","protected":false},"excerpt":{"rendered":"","protected":false},"author":1,"featured_media":1029,"parent":0,"menu_order":4,"comment_status":"closed","ping_status":"closed","template":"","meta":{"footnotes":""},"class_list":["post-13362","page","type-page","status-publish","has-post-thumbnail"],"_links":{"self":[{"href":"https:\/\/dentistesfabreville.com\/fr\/wp-json\/wp\/v2\/pages\/13362","targetHints":{"allow":["GET"]}}],"collection":[{"href":"https:\/\/dentistesfabreville.com\/fr\/wp-json\/wp\/v2\/pages"}],"about":[{"href":"https:\/\/dentistesfabreville.com\/fr\/wp-json\/wp\/v2\/types\/page"}],"author":[{"embeddable":true,"href":"https:\/\/dentistesfabreville.com\/fr\/wp-json\/wp\/v2\/users\/1"}],"replies":[{"embeddable":true,"href":"https:\/\/dentistesfabreville.com\/fr\/wp-json\/wp\/v2\/comments?post=13362"}],"version-history":[{"count":3,"href":"https:\/\/dentistesfabreville.com\/fr\/wp-json\/wp\/v2\/pages\/13362\/revisions"}],"predecessor-version":[{"id":13365,"href":"https:\/\/dentistesfabreville.com\/fr\/wp-json\/wp\/v2\/pages\/13362\/revisions\/13365"}],"wp:featuredmedia":[{"embeddable":true,"href":"https:\/\/dentistesfabreville.com\/fr\/wp-json\/wp\/v2\/media\/1029"}],"wp:attachment":[{"href":"https:\/\/dentistesfabreville.com\/fr\/wp-json\/wp\/v2\/media?parent=13362"}],"curies":[{"name":"wp","href":"https:\/\/api.w.org\/{rel}","templated":true}]}}