{"id":13339,"date":"2025-07-11T18:14:04","date_gmt":"2025-07-11T22:14:04","guid":{"rendered":"https:\/\/dentistesfabreville.com\/?page_id=13339"},"modified":"2025-07-11T18:45:12","modified_gmt":"2025-07-11T22:45:12","slug":"preventive-dental-care","status":"publish","type":"page","link":"https:\/\/dentistesfabreville.com\/fr\/preventive-dental-care\/","title":{"rendered":"Soins dentaires pr\u00e9ventifs"},"content":{"rendered":"<div class=\"wpb-content-wrapper\"><div id=\"vc_row-69ff138b6ade2\" class=\"vc_row wpb_row vc_row-fluid thegem-custom-69ff138b6adc53345\"><div class=\"wpb_column vc_column_container vc_col-sm-12 thegem-custom-69ff138b6b0fb3891\" ><div class=\"vc_column-inner thegem-custom-inner-69ff138b6b0fe\"><div class=\"wpb_wrapper thegem-custom-69ff138b6b0fb3891\">\r\n\t\r\n\t\t<div class=\"wpb_text_column wpb_content_element  vc_custom_1752272601024 thegem-vc-text thegem-custom-69ff138b6b5063492\"  >\r\n\t\t\t<div class=\"wpb_wrapper\">\r\n\t\t\t\t<div class=\"title-h4\"><strong>Soins dentaires pr\u00e9ventifs<\/strong><\/div>\n\r\n\t\t\t<\/div>\r\n\t\t\t<style>@media screen and (max-width: 1023px) {.thegem-vc-text.thegem-custom-69ff138b6b5063492{display: block!important;}}@media screen and (max-width: 767px) {.thegem-vc-text.thegem-custom-69ff138b6b5063492{display: block!important;}}@media screen and (max-width: 1023px) {.thegem-vc-text.thegem-custom-69ff138b6b5063492{position: relative !important;}}@media screen and (max-width: 767px) {.thegem-vc-text.thegem-custom-69ff138b6b5063492{position: relative !important;}}<\/style>\r\n\t\t<\/div>\r\n\t\r\n\r\n\t\r\n\t\t<div class=\"wpb_text_column wpb_content_element  vc_custom_1752272699401 thegem-vc-text thegem-custom-69ff138b6b6c6135\"  >\r\n\t\t\t<div class=\"wpb_wrapper\">\r\n\t\t\t\t<div class=\"styled-subtitle\">Prot\u00e9gez votre sourire avant que les probl\u00e8mes ne surviennent<\/div>\n\r\n\t\t\t<\/div>\r\n\t\t\t<style>@media screen and (max-width: 1023px) {.thegem-vc-text.thegem-custom-69ff138b6b6c6135{display: block!important;}}@media screen and (max-width: 767px) {.thegem-vc-text.thegem-custom-69ff138b6b6c6135{display: block!important;}}@media screen and (max-width: 1023px) {.thegem-vc-text.thegem-custom-69ff138b6b6c6135{position: relative !important;}}@media screen and (max-width: 767px) {.thegem-vc-text.thegem-custom-69ff138b6b6c6135{position: relative !important;}}<\/style>\r\n\t\t<\/div>\r\n\t\r\n\r\n\t\r\n\t\t<div class=\"wpb_text_column wpb_content_element  vc_custom_1752272711477 thegem-vc-text thegem-custom-69ff138b6b8384881\"  >\r\n\t\t\t<div class=\"wpb_wrapper\">\r\n\t\t\t\t<p>Chez Dentistes Fabreville, nous croyons que le meilleur traitement dentaire est la pr\u00e9vention. Nos services de soins dentaires pr\u00e9ventifs sont con\u00e7us pour vous aider \u00e0 conserver un sourire \u00e9clatant de sant\u00e9, \u00e0 \u00e9viter tout inconfort inutile et \u00e0 r\u00e9duire le recours \u00e0 des interventions complexes \u00e0 l'avenir.<\/p>\n\r\n\t\t\t<\/div>\r\n\t\t\t<style>@media screen and (max-width: 1023px) {.thegem-vc-text.thegem-custom-69ff138b6b8384881{display: block!important;}}@media screen and (max-width: 767px) {.thegem-vc-text.thegem-custom-69ff138b6b8384881{display: block!important;}}@media screen and (max-width: 1023px) {.thegem-vc-text.thegem-custom-69ff138b6b8384881{position: relative !important;}}@media screen and (max-width: 767px) {.thegem-vc-text.thegem-custom-69ff138b6b8384881{position: relative !important;}}<\/style>\r\n\t\t<\/div>\r\n\t\r\n<\/div><\/div><\/div><\/div><div id=\"vc_row-69ff138b6bbaf\" class=\"vc_row wpb_row vc_row-fluid thegem-custom-69ff138b6bba08486\"><div class=\"wpb_column vc_column_container vc_col-sm-12 thegem-custom-69ff138b6bdff7582\" ><div class=\"vc_column-inner thegem-custom-inner-69ff138b6be02\"><div class=\"wpb_wrapper thegem-custom-69ff138b6bdff7582\">\r\n\t\r\n\t\t<div class=\"wpb_text_column wpb_content_element  vc_custom_1752272728342 thegem-vc-text thegem-custom-69ff138b6bfab1215\"  >\r\n\t\t\t<div class=\"wpb_wrapper\">\r\n\t\t\t\t<div class=\"title-h5\">Qu'est-ce que les soins pr\u00e9ventifs ?<\/div>\n\r\n\t\t\t<\/div>\r\n\t\t\t<style>@media screen and (max-width: 1023px) {.thegem-vc-text.thegem-custom-69ff138b6bfab1215{display: block!important;}}@media screen and (max-width: 767px) {.thegem-vc-text.thegem-custom-69ff138b6bfab1215{display: block!important;}}@media screen and (max-width: 1023px) {.thegem-vc-text.thegem-custom-69ff138b6bfab1215{position: relative !important;}}@media screen and (max-width: 767px) {.thegem-vc-text.thegem-custom-69ff138b6bfab1215{position: relative !important;}}<\/style>\r\n\t\t<\/div>\r\n\t\r\n\r\n\t\r\n\t\t<div class=\"wpb_text_column wpb_content_element  vc_custom_1752272736060 thegem-vc-text thegem-custom-69ff138b6c12a3231\"  >\r\n\t\t\t<div class=\"wpb_wrapper\">\r\n\t\t\t\t<p>Les soins dentaires pr\u00e9ventifs d\u00e9signent les examens de routine, les nettoyages et les strat\u00e9gies personnalis\u00e9es en mati\u00e8re de sant\u00e9 bucco-dentaire qui permettent de d\u00e9tecter et de pr\u00e9venir les probl\u00e8mes dentaires tels que les caries, les maladies des gencives et l'usure de l'\u00e9mail avant qu'ils ne deviennent graves.<\/p>\n\r\n\t\t\t<\/div>\r\n\t\t\t<style>@media screen and (max-width: 1023px) {.thegem-vc-text.thegem-custom-69ff138b6c12a3231{display: block!important;}}@media screen and (max-width: 767px) {.thegem-vc-text.thegem-custom-69ff138b6c12a3231{display: block!important;}}@media screen and (max-width: 1023px) {.thegem-vc-text.thegem-custom-69ff138b6c12a3231{position: relative !important;}}@media screen and (max-width: 767px) {.thegem-vc-text.thegem-custom-69ff138b6c12a3231{position: relative !important;}}<\/style>\r\n\t\t<\/div>\r\n\t\r\n<\/div><\/div><\/div><\/div><div id=\"vc_row-69ff138b6c43e\" class=\"vc_row wpb_row vc_row-fluid thegem-custom-69ff138b6c4303977\"><div class=\"wpb_column vc_column_container vc_col-sm-12 thegem-custom-69ff138b6c6ed3512\" ><div class=\"vc_column-inner thegem-custom-inner-69ff138b6c6f0\"><div class=\"wpb_wrapper thegem-custom-69ff138b6c6ed3512\">\r\n\t\r\n\t\t<div class=\"wpb_text_column wpb_content_element  vc_custom_1752272747095 thegem-vc-text thegem-custom-69ff138b6c8a92644\"  >\r\n\t\t\t<div class=\"wpb_wrapper\">\r\n\t\t\t\t<div class=\"title-h5\">Nos services pr\u00e9ventifs comprennent :<\/div>\n\r\n\t\t\t<\/div>\r\n\t\t\t<style>@media screen and (max-width: 1023px) {.thegem-vc-text.thegem-custom-69ff138b6c8a92644{display: block!important;}}@media screen and (max-width: 767px) {.thegem-vc-text.thegem-custom-69ff138b6c8a92644{display: block!important;}}@media screen and (max-width: 1023px) {.thegem-vc-text.thegem-custom-69ff138b6c8a92644{position: relative !important;}}@media screen and (max-width: 767px) {.thegem-vc-text.thegem-custom-69ff138b6c8a92644{position: relative !important;}}<\/style>\r\n\t\t<\/div>\r\n\t\r\n\r\n\t\r\n\t\t<div class=\"wpb_text_column wpb_content_element  vc_custom_1752272761908 thegem-vc-text thegem-custom-69ff138b6ca601076\"  >\r\n\t\t\t<div class=\"wpb_wrapper\">\r\n\t\t\t\t<ul>\n<li data-start=\"831\" data-end=\"989\">\n<p data-start=\"833\" data-end=\"989\"><strong data-start=\"833\" data-end=\"861\">Examens bucco-dentaires complets<\/strong>: Des examens dentaires r\u00e9guliers nous permettent de surveiller votre sant\u00e9 bucco-dentaire, d'identifier les premiers signes de probl\u00e8mes et de vous fournir des recommandations en temps opportun.<\/p>\n<\/li>\n<li data-start=\"990\" data-end=\"1128\">\n<p data-start=\"992\" data-end=\"1128\"><strong data-start=\"992\" data-end=\"1024\">Nettoyages dentaires professionnels<\/strong>Nos hygi\u00e9nistes \u00e9liminent la plaque dentaire, le tartre et les taches superficielles que le brossage quotidien et l'utilisation du fil dentaire ne peuvent atteindre.<\/p>\n<\/li>\n<li data-start=\"1129\" data-end=\"1281\">\n<p data-start=\"1131\" data-end=\"1281\"><strong data-start=\"1131\" data-end=\"1161\">Radiographies num\u00e9riques (si n\u00e9cessaire)<\/strong>: Nous utilisons l'imagerie num\u00e9rique \u00e0 faible rayonnement pour obtenir une image claire de vos dents et de votre m\u00e2choire afin de d\u00e9tecter rapidement tout probl\u00e8me cach\u00e9.<\/p>\n<\/li>\n<li data-start=\"1282\" data-end=\"1438\">\n<p data-start=\"1284\" data-end=\"1438\"><strong data-start=\"1284\" data-end=\"1307\">Traitements au fluorure<\/strong>: Renforce l'\u00e9mail et aide \u00e0 prot\u00e9ger contre les caries, particuli\u00e8rement b\u00e9n\u00e9fique pour les enfants et les patients pr\u00e9sentant un risque \u00e9lev\u00e9 de caries.<\/p>\n<\/li>\n<li data-start=\"1439\" data-end=\"1572\">\n<p data-start=\"1441\" data-end=\"1572\"><strong data-start=\"1441\" data-end=\"1467\">\u00c9ducation \u00e0 l'hygi\u00e8ne bucco-dentaire<\/strong>: Conseils personnalis\u00e9s sur le brossage, l'utilisation du fil dentaire et les soins \u00e0 domicile pour vous aider dans votre routine quotidienne d'hygi\u00e8ne bucco-dentaire.<\/p>\n<\/li>\n<li data-start=\"1573\" data-end=\"1743\">\n<p data-start=\"1575\" data-end=\"1743\"><strong data-start=\"1575\" data-end=\"1606\">Produits d'\u00e9tanch\u00e9it\u00e9 (le cas \u00e9ch\u00e9ant)<\/strong>: Rev\u00eatement protecteur appliqu\u00e9 sur les surfaces de mastication des dents post\u00e9rieures afin de pr\u00e9venir les caries. Souvent recommand\u00e9 pour les enfants et les adolescents.<\/p>\n<\/li>\n<\/ul>\n\r\n\t\t\t<\/div>\r\n\t\t\t<style>@media screen and (max-width: 1023px) {.thegem-vc-text.thegem-custom-69ff138b6ca601076{display: block!important;}}@media screen and (max-width: 767px) {.thegem-vc-text.thegem-custom-69ff138b6ca601076{display: block!important;}}@media screen and (max-width: 1023px) {.thegem-vc-text.thegem-custom-69ff138b6ca601076{position: relative !important;}}@media screen and (max-width: 767px) {.thegem-vc-text.thegem-custom-69ff138b6ca601076{position: relative !important;}}<\/style>\r\n\t\t<\/div>\r\n\t\r\n<\/div><\/div><\/div><\/div><div id=\"vc_row-69ff138b6ceaa\" class=\"vc_row wpb_row vc_row-fluid thegem-custom-69ff138b6ce9c4654\"><div class=\"wpb_column vc_column_container vc_col-sm-12 thegem-custom-69ff138b6d0809457\" ><div class=\"vc_column-inner thegem-custom-inner-69ff138b6d083\"><div class=\"wpb_wrapper thegem-custom-69ff138b6d0809457\">\r\n\t\r\n\t\t<div class=\"wpb_text_column wpb_content_element  vc_custom_1752272782389 thegem-vc-text thegem-custom-69ff138b6d1d36696\"  >\r\n\t\t\t<div class=\"wpb_wrapper\">\r\n\t\t\t\t<div class=\"title-h5\">Pourquoi est-ce important ?<\/div>\n\r\n\t\t\t<\/div>\r\n\t\t\t<style>@media screen and (max-width: 1023px) {.thegem-vc-text.thegem-custom-69ff138b6d1d36696{display: block!important;}}@media screen and (max-width: 767px) {.thegem-vc-text.thegem-custom-69ff138b6d1d36696{display: block!important;}}@media screen and (max-width: 1023px) {.thegem-vc-text.thegem-custom-69ff138b6d1d36696{position: relative !important;}}@media screen and (max-width: 767px) {.thegem-vc-text.thegem-custom-69ff138b6d1d36696{position: relative !important;}}<\/style>\r\n\t\t<\/div>\r\n\t\r\n\r\n\t\r\n\t\t<div class=\"wpb_text_column wpb_content_element  vc_custom_1752272817653 thegem-vc-text thegem-custom-69ff138b6d2fa6378\"  >\r\n\t\t\t<div class=\"wpb_wrapper\">\r\n\t\t\t\t<p>Les soins pr\u00e9ventifs ne concernent pas uniquement vos dents, ils contribuent \u00e9galement \u00e0 votre sant\u00e9 g\u00e9n\u00e9rale. Le d\u00e9pistage pr\u00e9coce et les soins de routine permettent de minimiser l'inconfort, de r\u00e9duire les co\u00fbts de traitement et de diminuer le risque de complications \u00e0 long terme.<\/p>\n\r\n\t\t\t<\/div>\r\n\t\t\t<style>@media screen and (max-width: 1023px) {.thegem-vc-text.thegem-custom-69ff138b6d2fa6378{display: block!important;}}@media screen and (max-width: 767px) {.thegem-vc-text.thegem-custom-69ff138b6d2fa6378{display: block!important;}}@media screen and (max-width: 1023px) {.thegem-vc-text.thegem-custom-69ff138b6d2fa6378{position: relative !important;}}@media screen and (max-width: 767px) {.thegem-vc-text.thegem-custom-69ff138b6d2fa6378{position: relative !important;}}<\/style>\r\n\t\t<\/div>\r\n\t\r\n<\/div><\/div><\/div><\/div><div id=\"vc_row-69ff138b6d50d\" class=\"vc_row wpb_row vc_row-fluid thegem-custom-69ff138b6d5003949\"><div class=\"wpb_column vc_column_container vc_col-sm-12 thegem-custom-69ff138b6d6a19570\" ><div class=\"vc_column-inner thegem-custom-inner-69ff138b6d6a3\"><div class=\"wpb_wrapper thegem-custom-69ff138b6d6a19570\">\r\n\t\r\n\t\t<div class=\"wpb_text_column wpb_content_element  vc_custom_1752272800178 thegem-vc-text thegem-custom-69ff138b6d7ba2885\"  >\r\n\t\t\t<div class=\"wpb_wrapper\">\r\n\t\t\t\t<div class=\"title-h5\">Un partenariat pour votre sourire<\/div>\n\r\n\t\t\t<\/div>\r\n\t\t\t<style>@media screen and (max-width: 1023px) {.thegem-vc-text.thegem-custom-69ff138b6d7ba2885{display: block!important;}}@media screen and (max-width: 767px) {.thegem-vc-text.thegem-custom-69ff138b6d7ba2885{display: block!important;}}@media screen and (max-width: 1023px) {.thegem-vc-text.thegem-custom-69ff138b6d7ba2885{position: relative !important;}}@media screen and (max-width: 767px) {.thegem-vc-text.thegem-custom-69ff138b6d7ba2885{position: relative !important;}}<\/style>\r\n\t\t<\/div>\r\n\t\r\n\r\n\t\r\n\t\t<div class=\"wpb_text_column wpb_content_element  vc_custom_1752272809779 thegem-vc-text thegem-custom-69ff138b6d8b49944\"  >\r\n\t\t\t<div class=\"wpb_wrapper\">\r\n\t\t\t\t<p>Notre \u00e9quipe travaille avec vous pour cr\u00e9er un plan de soins pr\u00e9ventifs personnalis\u00e9 en fonction de vos besoins individuels, de votre mode de vie et de vos objectifs en mati\u00e8re de sant\u00e9 bucco-dentaire. Nous recommandons des visites r\u00e9guli\u00e8res, g\u00e9n\u00e9ralement tous les six mois, mais la fr\u00e9quence peut varier en fonction de votre situation.<\/p>\n\r\n\t\t\t<\/div>\r\n\t\t\t<style>@media screen and (max-width: 1023px) {.thegem-vc-text.thegem-custom-69ff138b6d8b49944{display: block!important;}}@media screen and (max-width: 767px) {.thegem-vc-text.thegem-custom-69ff138b6d8b49944{display: block!important;}}@media screen and (max-width: 1023px) {.thegem-vc-text.thegem-custom-69ff138b6d8b49944{position: relative !important;}}@media screen and (max-width: 767px) {.thegem-vc-text.thegem-custom-69ff138b6d8b49944{position: relative !important;}}<\/style>\r\n\t\t<\/div>\r\n\t\r\n<\/div><\/div><\/div><\/div><div id=\"vc_row-69ff138b6daf3\" class=\"vc_row wpb_row vc_row-fluid vc_custom_1752272962360 thegem-custom-69ff138b6dadf9230\">\n<style>\n@media(max-width: 1499px) and (min-width: 1200px){\n    #vc_row-69ff138b6daf3 .phone-column .vc_column-inner{\n        padding-left: 45px!important;\n}}\n@media(max-width: 1199px) and (min-width: 1024px){\n    #vc_row-69ff138b6daf3 .phone-column .vc_column-inner{\n        padding-left: 21px!important;\n}}\n@media(max-width: 1199px) {  \n    #vc_row-69ff138b6daf3 .phone-column .thegem-heading{\n        text-align: center!important;\n}}\n\n<\/style>\n<style>@media screen and (max-width: 767px) {.thegem-custom-69ff138b6dadf9230.wpb_row {padding-top: 30px !important;}}@media screen and (max-width: 767px) {.thegem-custom-69ff138b6dadf9230.wpb_row {padding-bottom: 30px !important;}}@media screen and (max-width: 767px) {.thegem-custom-69ff138b6dadf9230.wpb_row {padding-left: 30px !important;}}@media screen and (max-width: 767px) {.thegem-custom-69ff138b6dadf9230.wpb_row {padding-right: 30px !important;}}<\/style><div class=\"wpb_column vc_column_container vc_col-sm-12 thegem-custom-69ff138b6dcc94013 vc_col-has-fill\" ><div class=\"vc_column-inner thegem-custom-inner-69ff138b6dccb vc_custom_1752273445200\"><style>@media screen and (max-width: 1023px) {.thegem-custom-inner-69ff138b6dccb.vc_column-inner {padding-top: 70px !important;}}@media screen and (max-width: 1023px) {.thegem-custom-inner-69ff138b6dccb.vc_column-inner {padding-bottom: 70px !important;}}@media screen and (max-width: 767px) {.thegem-custom-inner-69ff138b6dccb.vc_column-inner {padding-left: 30px !important;}}@media screen and (max-width: 767px) {.thegem-custom-inner-69ff138b6dccb.vc_column-inner {padding-right: 30px !important;}}\n<\/style><div class=\"wpb_wrapper thegem-custom-69ff138b6dcc94013\"><div class=\"vc_row wpb_row vc_inner vc_row-fluid vc_custom_1711017329808 thegem-custom-69ff138b6dfb71610 vc_row-o-equal-height vc_row-o-content-middle vc_row-flex custom-inner-column-69ff138b6dfc7\" ><div class=\"wpb_column vc_column_container vc_col-sm-12 vc_col-lg-12 vc_col-md-12 vc_col-xs-12 thegem-custom-69ff138b6e1a16080\"><div class=\"vc_column-inner thegem-custom-inner-69ff138b6e1a4\"><div class=\"wpb_wrapper thegem-custom-69ff138b6e1a16080\">\r\n\t\r\n\t\t<div class=\"wpb_text_column wpb_content_element  vc_custom_1752273384963 thegem-vc-text thegem-custom-69ff138b6e2e44965\"  >\r\n\t\t\t<div class=\"wpb_wrapper\">\r\n\t\t\t\t<div class=\"styled-subtitle\" style=\"text-align: center;\" data-start=\"2257\" data-end=\"2368\"><span style=\"color: #ffffff;\"><strong>Prenez rendez-vous d\u00e8s aujourd'hui pour votre prochain examen pr\u00e9ventif et faites le premier pas vers un sourire plus sain et durable.<\/strong><\/span><\/div>\n\r\n\t\t\t<\/div>\r\n\t\t\t<style>@media screen and (max-width: 1023px) {.thegem-vc-text.thegem-custom-69ff138b6e2e44965{display: block!important;}}@media screen and (max-width: 767px) {.thegem-vc-text.thegem-custom-69ff138b6e2e44965{display: block!important;}}@media screen and (max-width: 1023px) {.thegem-vc-text.thegem-custom-69ff138b6e2e44965{position: relative !important;}}@media screen and (max-width: 767px) {.thegem-vc-text.thegem-custom-69ff138b6e2e44965{position: relative !important;}}<\/style>\r\n\t\t<\/div>\r\n\t\r\n<\/div><\/div><\/div><\/div><style type=\"text\/css\">.thegem-button-69ff138b6e4b79335 .gem-button svg {fill: #1E73BE;}<\/style><div class=\"gem-button-container gem-button-position-center thegem-button-69ff138b6e4b79335\"  ><a class=\"gem-button gem-button-size-small gem-button-style-flat gem-button-text-weight-normal\" data-ll-effect=\"drop-right-without-wrap\" style=\"border-radius: 5px;background-color: #FFFFFF;color: #1E73BE;\" onmouseleave=\"this.style.backgroundColor='#FFFFFF';this.style.color='#1E73BE';\" onmouseenter=\"\" href=\"tel:4506227474\" target=\"_self\">Prendre rendez-vous<\/a><\/div> <\/div><\/div><\/div><\/div>\n<\/div>","protected":false},"excerpt":{"rendered":"","protected":false},"author":1,"featured_media":1026,"parent":0,"menu_order":2,"comment_status":"closed","ping_status":"closed","template":"","meta":{"footnotes":""},"class_list":["post-13339","page","type-page","status-publish","has-post-thumbnail"],"_links":{"self":[{"href":"https:\/\/dentistesfabreville.com\/fr\/wp-json\/wp\/v2\/pages\/13339","targetHints":{"allow":["GET"]}}],"collection":[{"href":"https:\/\/dentistesfabreville.com\/fr\/wp-json\/wp\/v2\/pages"}],"about":[{"href":"https:\/\/dentistesfabreville.com\/fr\/wp-json\/wp\/v2\/types\/page"}],"author":[{"embeddable":true,"href":"https:\/\/dentistesfabreville.com\/fr\/wp-json\/wp\/v2\/users\/1"}],"replies":[{"embeddable":true,"href":"https:\/\/dentistesfabreville.com\/fr\/wp-json\/wp\/v2\/comments?post=13339"}],"version-history":[{"count":10,"href":"https:\/\/dentistesfabreville.com\/fr\/wp-json\/wp\/v2\/pages\/13339\/revisions"}],"predecessor-version":[{"id":13352,"href":"https:\/\/dentistesfabreville.com\/fr\/wp-json\/wp\/v2\/pages\/13339\/revisions\/13352"}],"wp:featuredmedia":[{"embeddable":true,"href":"https:\/\/dentistesfabreville.com\/fr\/wp-json\/wp\/v2\/media\/1026"}],"wp:attachment":[{"href":"https:\/\/dentistesfabreville.com\/fr\/wp-json\/wp\/v2\/media?parent=13339"}],"curies":[{"name":"wp","href":"https:\/\/api.w.org\/{rel}","templated":true}]}}